{"id":7890,"date":"2024-12-09T12:25:37","date_gmt":"2024-12-09T18:25:37","guid":{"rendered":"https:\/\/www.abileneteachersfcu.org\/?page_id=7890"},"modified":"2024-12-09T12:41:42","modified_gmt":"2024-12-09T18:41:42","slug":"prestamos-tarjetas-de-credito","status":"publish","type":"page","link":"https:\/\/www.abileneteachersfcu.org\/es\/loans-credit-cards\/","title":{"rendered":"Pr\u00e9stamos y tarjetas de cr\u00e9dito"},"content":{"rendered":"","protected":false},"excerpt":{"rendered":"","protected":false},"author":10,"featured_media":0,"parent":0,"menu_order":0,"comment_status":"closed","ping_status":"closed","template":"","meta":{"_acf_changed":false,"_searchwp_excluded":"","footnotes":""},"class_list":["post-7890","page","type-page","status-publish","hentry"],"acf":[],"yoast_head":"<!-- This site is optimized with the Yoast SEO plugin v27.5 - https:\/\/yoast.com\/product\/yoast-seo-wordpress\/ -->\n<title>Loans &amp; Credit Cards - Abilene Teachers Federal Credit Union<\/title>\n<meta name=\"description\" content=\"Abilene Teachers FCU has financed our members&#039; dreams for 75+ years.\u00a0 Check with us first on vehicle, home equity and all consumer loan types.\" \/>\n<meta name=\"robots\" content=\"index, follow, max-snippet:-1, max-image-preview:large, max-video-preview:-1\" \/>\n<link rel=\"canonical\" href=\"https:\/\/www.abileneteachersfcu.org\/es\/prestamos-tarjetas-de-credito\/\" \/>\n<meta property=\"og:locale\" content=\"es_ES\" \/>\n<meta property=\"og:type\" content=\"article\" \/>\n<meta property=\"og:title\" content=\"Loans &amp; Credit Cards - Abilene Teachers Federal Credit Union\" \/>\n<meta property=\"og:description\" content=\"Abilene Teachers FCU has financed our members&#039; dreams for 75+ years.\u00a0 Check with us first on vehicle, home equity and all consumer loan types.\" \/>\n<meta property=\"og:url\" content=\"https:\/\/www.abileneteachersfcu.org\/es\/prestamos-tarjetas-de-credito\/\" \/>\n<meta property=\"og:site_name\" content=\"Abilene Teachers Federal Credit Union\" \/>\n<meta property=\"article:modified_time\" content=\"2024-12-09T18:41:42+00:00\" \/>\n<meta name=\"twitter:card\" content=\"summary_large_image\" \/>\n<meta name=\"twitter:label1\" content=\"Est. reading time\" \/>\n\t<meta name=\"twitter:data1\" content=\"1 minuto\" \/>\n<script type=\"application\/ld+json\" class=\"yoast-schema-graph\">{\"@context\":\"https:\\\/\\\/schema.org\",\"@graph\":[{\"@type\":\"WebPage\",\"@id\":\"https:\\\/\\\/www.abileneteachersfcu.org\\\/loans-credit-cards\\\/\",\"url\":\"https:\\\/\\\/www.abileneteachersfcu.org\\\/loans-credit-cards\\\/\",\"name\":\"Loans & Credit Cards - Abilene Teachers Federal Credit Union\",\"isPartOf\":{\"@id\":\"https:\\\/\\\/www.abileneteachersfcu.org\\\/#website\"},\"datePublished\":\"2024-12-09T18:25:37+00:00\",\"dateModified\":\"2024-12-09T18:41:42+00:00\",\"description\":\"Abilene Teachers FCU has financed our members' dreams for 75+ years.\u00a0 Check with us first on vehicle, home equity and all consumer loan types.\",\"breadcrumb\":{\"@id\":\"https:\\\/\\\/www.abileneteachersfcu.org\\\/loans-credit-cards\\\/#breadcrumb\"},\"inLanguage\":\"es-ES\",\"potentialAction\":[{\"@type\":\"ReadAction\",\"target\":[\"https:\\\/\\\/www.abileneteachersfcu.org\\\/loans-credit-cards\\\/\"]}]},{\"@type\":\"BreadcrumbList\",\"@id\":\"https:\\\/\\\/www.abileneteachersfcu.org\\\/loans-credit-cards\\\/#breadcrumb\",\"itemListElement\":[{\"@type\":\"ListItem\",\"position\":1,\"name\":\"Home\",\"item\":\"https:\\\/\\\/www.abileneteachersfcu.org\\\/\"},{\"@type\":\"ListItem\",\"position\":2,\"name\":\"Loans &#038; Credit Cards\"}]},{\"@type\":\"WebSite\",\"@id\":\"https:\\\/\\\/www.abileneteachersfcu.org\\\/#website\",\"url\":\"https:\\\/\\\/www.abileneteachersfcu.org\\\/\",\"name\":\"Abilene Teachers Federal Credit Union\",\"description\":\"\",\"potentialAction\":[{\"@type\":\"SearchAction\",\"target\":{\"@type\":\"EntryPoint\",\"urlTemplate\":\"https:\\\/\\\/www.abileneteachersfcu.org\\\/?s={search_term_string}\"},\"query-input\":{\"@type\":\"PropertyValueSpecification\",\"valueRequired\":true,\"valueName\":\"search_term_string\"}}],\"inLanguage\":\"es-ES\"}]}<\/script>\n<!-- \/ Yoast SEO plugin. -->","yoast_head_json":{"title":"Pr\u00e9stamos y tarjetas de cr\u00e9dito - Cooperativa de Cr\u00e9dito Federal para Maestros de Abilene","description":"Abilene Teachers FCU ha financiado los sue\u00f1os de nuestros miembros durante m\u00e1s de 75 a\u00f1os. Cons\u00faltenos primero sobre pr\u00e9stamos para veh\u00edculos, hipotecas y todo tipo de pr\u00e9stamos al consumo.","robots":{"index":"index","follow":"follow","max-snippet":"max-snippet:-1","max-image-preview":"max-image-preview:large","max-video-preview":"max-video-preview:-1"},"canonical":"https:\/\/www.abileneteachersfcu.org\/es\/prestamos-tarjetas-de-credito\/","og_locale":"es_ES","og_type":"article","og_title":"Loans & Credit Cards - Abilene Teachers Federal Credit Union","og_description":"Abilene Teachers FCU has financed our members' dreams for 75+ years.\u00a0 Check with us first on vehicle, home equity and all consumer loan types.","og_url":"https:\/\/www.abileneteachersfcu.org\/es\/prestamos-tarjetas-de-credito\/","og_site_name":"Abilene Teachers Federal Credit Union","article_modified_time":"2024-12-09T18:41:42+00:00","twitter_card":"summary_large_image","twitter_misc":{"Est. reading time":"1 minuto"},"schema":{"@context":"https:\/\/schema.org","@graph":[{"@type":"WebPage","@id":"https:\/\/www.abileneteachersfcu.org\/loans-credit-cards\/","url":"https:\/\/www.abileneteachersfcu.org\/loans-credit-cards\/","name":"Pr\u00e9stamos y tarjetas de cr\u00e9dito - Cooperativa de Cr\u00e9dito Federal para Maestros de Abilene","isPartOf":{"@id":"https:\/\/www.abileneteachersfcu.org\/#website"},"datePublished":"2024-12-09T18:25:37+00:00","dateModified":"2024-12-09T18:41:42+00:00","description":"Abilene Teachers FCU ha financiado los sue\u00f1os de nuestros miembros durante m\u00e1s de 75 a\u00f1os. Cons\u00faltenos primero sobre pr\u00e9stamos para veh\u00edculos, hipotecas y todo tipo de pr\u00e9stamos al consumo.","breadcrumb":{"@id":"https:\/\/www.abileneteachersfcu.org\/loans-credit-cards\/#breadcrumb"},"inLanguage":"es-ES","potentialAction":[{"@type":"ReadAction","target":["https:\/\/www.abileneteachersfcu.org\/loans-credit-cards\/"]}]},{"@type":"BreadcrumbList","@id":"https:\/\/www.abileneteachersfcu.org\/loans-credit-cards\/#breadcrumb","itemListElement":[{"@type":"ListItem","position":1,"name":"Home","item":"https:\/\/www.abileneteachersfcu.org\/"},{"@type":"ListItem","position":2,"name":"Loans &#038; Credit Cards"}]},{"@type":"WebSite","@id":"https:\/\/www.abileneteachersfcu.org\/#website","url":"https:\/\/www.abileneteachersfcu.org\/","name":"Cooperativa de cr\u00e9dito federal de maestros de Abilene","description":"","potentialAction":[{"@type":"SearchAction","target":{"@type":"EntryPoint","urlTemplate":"https:\/\/www.abileneteachersfcu.org\/?s={search_term_string}"},"query-input":{"@type":"PropertyValueSpecification","valueRequired":true,"valueName":"search_term_string"}}],"inLanguage":"es-ES"}]}},"_links":{"self":[{"href":"https:\/\/www.abileneteachersfcu.org\/es\/wp-json\/wp\/v2\/pages\/7890","targetHints":{"allow":["GET"]}}],"collection":[{"href":"https:\/\/www.abileneteachersfcu.org\/es\/wp-json\/wp\/v2\/pages"}],"about":[{"href":"https:\/\/www.abileneteachersfcu.org\/es\/wp-json\/wp\/v2\/types\/page"}],"author":[{"embeddable":true,"href":"https:\/\/www.abileneteachersfcu.org\/es\/wp-json\/wp\/v2\/users\/10"}],"replies":[{"embeddable":true,"href":"https:\/\/www.abileneteachersfcu.org\/es\/wp-json\/wp\/v2\/comments?post=7890"}],"version-history":[{"count":6,"href":"https:\/\/www.abileneteachersfcu.org\/es\/wp-json\/wp\/v2\/pages\/7890\/revisions"}],"predecessor-version":[{"id":7896,"href":"https:\/\/www.abileneteachersfcu.org\/es\/wp-json\/wp\/v2\/pages\/7890\/revisions\/7896"}],"wp:attachment":[{"href":"https:\/\/www.abileneteachersfcu.org\/es\/wp-json\/wp\/v2\/media?parent=7890"}],"curies":[{"name":"wp","href":"https:\/\/api.w.org\/{rel}","templated":true}]}}