{"id":6239,"date":"2023-08-21T11:21:33","date_gmt":"2023-08-21T16:21:33","guid":{"rendered":"https:\/\/www.abileneteachersfcu.org\/?page_id=6239"},"modified":"2024-09-04T16:15:53","modified_gmt":"2024-09-04T21:15:53","slug":"politica-de-privacidad-movil-de-gestion-de-tarjetas","status":"publish","type":"page","link":"https:\/\/www.abileneteachersfcu.org\/es\/card-management-mobile-privacy-policy\/","title":{"rendered":"Pol\u00edtica de privacidad m\u00f3vil de administraci\u00f3n de tarjetas"},"content":{"rendered":"","protected":false},"excerpt":{"rendered":"","protected":false},"author":10,"featured_media":0,"parent":0,"menu_order":0,"comment_status":"closed","ping_status":"closed","template":"","meta":{"_acf_changed":false,"_searchwp_excluded":"","footnotes":""},"class_list":["post-6239","page","type-page","status-publish","hentry"],"acf":[],"yoast_head":"<!-- This site is optimized with the Yoast SEO plugin v27.5 - https:\/\/yoast.com\/product\/yoast-seo-wordpress\/ -->\n<title>Card Management Mobile Privacy Policy - Abilene Teachers Federal Credit Union<\/title>\n<meta name=\"description\" content=\"View the ATFCU Privacy Policy that applies to the Card Management feature found in our app. Effective April 29, 2024.\" \/>\n<meta name=\"robots\" content=\"index, follow, max-snippet:-1, max-image-preview:large, max-video-preview:-1\" \/>\n<link rel=\"canonical\" href=\"https:\/\/www.abileneteachersfcu.org\/es\/politica-de-privacidad-movil-de-gestion-de-tarjetas\/\" \/>\n<meta property=\"og:locale\" content=\"es_ES\" \/>\n<meta property=\"og:type\" content=\"article\" \/>\n<meta property=\"og:title\" content=\"Card Management Mobile Privacy Policy - Abilene Teachers Federal Credit Union\" \/>\n<meta property=\"og:description\" content=\"View the ATFCU Privacy Policy that applies to the Card Management feature found in our app. Effective April 29, 2024.\" \/>\n<meta property=\"og:url\" content=\"https:\/\/www.abileneteachersfcu.org\/es\/politica-de-privacidad-movil-de-gestion-de-tarjetas\/\" \/>\n<meta property=\"og:site_name\" content=\"Abilene Teachers Federal Credit Union\" \/>\n<meta property=\"article:modified_time\" content=\"2024-09-04T21:15:53+00:00\" \/>\n<meta name=\"twitter:card\" content=\"summary_large_image\" \/>\n<meta name=\"twitter:label1\" content=\"Est. reading time\" \/>\n\t<meta name=\"twitter:data1\" content=\"8 minutos\" \/>\n<script type=\"application\/ld+json\" class=\"yoast-schema-graph\">{\"@context\":\"https:\\\/\\\/schema.org\",\"@graph\":[{\"@type\":\"WebPage\",\"@id\":\"https:\\\/\\\/www.abileneteachersfcu.org\\\/card-management-mobile-privacy-policy\\\/\",\"url\":\"https:\\\/\\\/www.abileneteachersfcu.org\\\/card-management-mobile-privacy-policy\\\/\",\"name\":\"Card Management Mobile Privacy Policy - Abilene Teachers Federal Credit Union\",\"isPartOf\":{\"@id\":\"https:\\\/\\\/www.abileneteachersfcu.org\\\/#website\"},\"datePublished\":\"2023-08-21T16:21:33+00:00\",\"dateModified\":\"2024-09-04T21:15:53+00:00\",\"description\":\"View the ATFCU Privacy Policy that applies to the Card Management feature found in our app. Effective April 29, 2024.\",\"breadcrumb\":{\"@id\":\"https:\\\/\\\/www.abileneteachersfcu.org\\\/card-management-mobile-privacy-policy\\\/#breadcrumb\"},\"inLanguage\":\"es-ES\",\"potentialAction\":[{\"@type\":\"ReadAction\",\"target\":[\"https:\\\/\\\/www.abileneteachersfcu.org\\\/card-management-mobile-privacy-policy\\\/\"]}]},{\"@type\":\"BreadcrumbList\",\"@id\":\"https:\\\/\\\/www.abileneteachersfcu.org\\\/card-management-mobile-privacy-policy\\\/#breadcrumb\",\"itemListElement\":[{\"@type\":\"ListItem\",\"position\":1,\"name\":\"Home\",\"item\":\"https:\\\/\\\/www.abileneteachersfcu.org\\\/\"},{\"@type\":\"ListItem\",\"position\":2,\"name\":\"Card Management Mobile Privacy Policy\"}]},{\"@type\":\"WebSite\",\"@id\":\"https:\\\/\\\/www.abileneteachersfcu.org\\\/#website\",\"url\":\"https:\\\/\\\/www.abileneteachersfcu.org\\\/\",\"name\":\"Abilene Teachers Federal Credit Union\",\"description\":\"\",\"potentialAction\":[{\"@type\":\"SearchAction\",\"target\":{\"@type\":\"EntryPoint\",\"urlTemplate\":\"https:\\\/\\\/www.abileneteachersfcu.org\\\/?s={search_term_string}\"},\"query-input\":{\"@type\":\"PropertyValueSpecification\",\"valueRequired\":true,\"valueName\":\"search_term_string\"}}],\"inLanguage\":\"es-ES\"}]}<\/script>\n<!-- \/ Yoast SEO plugin. -->","yoast_head_json":{"title":"Pol\u00edtica de privacidad m\u00f3vil de administraci\u00f3n de tarjetas - Abilene Teachers Federal Credit Union","description":"Consulte la Pol\u00edtica de privacidad de ATFCU que se aplica a la funci\u00f3n de administraci\u00f3n de tarjetas que se encuentra en nuestra aplicaci\u00f3n. Vigente a partir del 29 de abril de 2024.","robots":{"index":"index","follow":"follow","max-snippet":"max-snippet:-1","max-image-preview":"max-image-preview:large","max-video-preview":"max-video-preview:-1"},"canonical":"https:\/\/www.abileneteachersfcu.org\/es\/politica-de-privacidad-movil-de-gestion-de-tarjetas\/","og_locale":"es_ES","og_type":"article","og_title":"Card Management Mobile Privacy Policy - Abilene Teachers Federal Credit Union","og_description":"View the ATFCU Privacy Policy that applies to the Card Management feature found in our app. Effective April 29, 2024.","og_url":"https:\/\/www.abileneteachersfcu.org\/es\/politica-de-privacidad-movil-de-gestion-de-tarjetas\/","og_site_name":"Abilene Teachers Federal Credit Union","article_modified_time":"2024-09-04T21:15:53+00:00","twitter_card":"summary_large_image","twitter_misc":{"Est. reading time":"8 minutos"},"schema":{"@context":"https:\/\/schema.org","@graph":[{"@type":"WebPage","@id":"https:\/\/www.abileneteachersfcu.org\/card-management-mobile-privacy-policy\/","url":"https:\/\/www.abileneteachersfcu.org\/card-management-mobile-privacy-policy\/","name":"Pol\u00edtica de privacidad m\u00f3vil de administraci\u00f3n de tarjetas - Abilene Teachers Federal Credit Union","isPartOf":{"@id":"https:\/\/www.abileneteachersfcu.org\/#website"},"datePublished":"2023-08-21T16:21:33+00:00","dateModified":"2024-09-04T21:15:53+00:00","description":"Consulte la Pol\u00edtica de privacidad de ATFCU que se aplica a la funci\u00f3n de administraci\u00f3n de tarjetas que se encuentra en nuestra aplicaci\u00f3n. Vigente a partir del 29 de abril de 2024.","breadcrumb":{"@id":"https:\/\/www.abileneteachersfcu.org\/card-management-mobile-privacy-policy\/#breadcrumb"},"inLanguage":"es-ES","potentialAction":[{"@type":"ReadAction","target":["https:\/\/www.abileneteachersfcu.org\/card-management-mobile-privacy-policy\/"]}]},{"@type":"BreadcrumbList","@id":"https:\/\/www.abileneteachersfcu.org\/card-management-mobile-privacy-policy\/#breadcrumb","itemListElement":[{"@type":"ListItem","position":1,"name":"Home","item":"https:\/\/www.abileneteachersfcu.org\/"},{"@type":"ListItem","position":2,"name":"Card Management Mobile Privacy Policy"}]},{"@type":"WebSite","@id":"https:\/\/www.abileneteachersfcu.org\/#website","url":"https:\/\/www.abileneteachersfcu.org\/","name":"Cooperativa de cr\u00e9dito federal de maestros de Abilene","description":"","potentialAction":[{"@type":"SearchAction","target":{"@type":"EntryPoint","urlTemplate":"https:\/\/www.abileneteachersfcu.org\/?s={search_term_string}"},"query-input":{"@type":"PropertyValueSpecification","valueRequired":true,"valueName":"search_term_string"}}],"inLanguage":"es-ES"}]}},"_links":{"self":[{"href":"https:\/\/www.abileneteachersfcu.org\/es\/wp-json\/wp\/v2\/pages\/6239","targetHints":{"allow":["GET"]}}],"collection":[{"href":"https:\/\/www.abileneteachersfcu.org\/es\/wp-json\/wp\/v2\/pages"}],"about":[{"href":"https:\/\/www.abileneteachersfcu.org\/es\/wp-json\/wp\/v2\/types\/page"}],"author":[{"embeddable":true,"href":"https:\/\/www.abileneteachersfcu.org\/es\/wp-json\/wp\/v2\/users\/10"}],"replies":[{"embeddable":true,"href":"https:\/\/www.abileneteachersfcu.org\/es\/wp-json\/wp\/v2\/comments?post=6239"}],"version-history":[{"count":2,"href":"https:\/\/www.abileneteachersfcu.org\/es\/wp-json\/wp\/v2\/pages\/6239\/revisions"}],"predecessor-version":[{"id":6974,"href":"https:\/\/www.abileneteachersfcu.org\/es\/wp-json\/wp\/v2\/pages\/6239\/revisions\/6974"}],"wp:attachment":[{"href":"https:\/\/www.abileneteachersfcu.org\/es\/wp-json\/wp\/v2\/media?parent=6239"}],"curies":[{"name":"wp","href":"https:\/\/api.w.org\/{rel}","templated":true}]}}