{"id":6120,"date":"2026-01-01T01:10:55","date_gmt":"2026-01-01T07:10:55","guid":{"rendered":"https:\/\/www.abileneteachersfcu.org\/?page_id=6120"},"modified":"2026-04-03T16:50:32","modified_gmt":"2026-04-03T21:50:32","slug":"boletin-de-noticias-de-actualidad","status":"publish","type":"page","link":"https:\/\/www.abileneteachersfcu.org\/es\/acerca-de\/boletin-de-noticias-de-actualidad\/","title":{"rendered":"Bolet\u00edn y acontecimientos actuales"},"content":{"rendered":"","protected":false},"excerpt":{"rendered":"","protected":false},"author":10,"featured_media":0,"parent":1633,"menu_order":0,"comment_status":"closed","ping_status":"closed","template":"","meta":{"_acf_changed":false,"_searchwp_excluded":"","footnotes":""},"class_list":["post-6120","page","type-page","status-publish","hentry"],"acf":[],"yoast_head":"<!-- This site is optimized with the Yoast SEO plugin v27.2 - https:\/\/yoast.com\/product\/yoast-seo-wordpress\/ -->\n<title>Newsletter &amp; Current Happenings - Abilene Teachers Federal Credit Union<\/title>\n<meta name=\"description\" content=\"The newsletter archive of Abilene Teachers FCU is available here along with current happenings at the credit union.\" \/>\n<meta name=\"robots\" content=\"index, follow, max-snippet:-1, max-image-preview:large, max-video-preview:-1\" \/>\n<link rel=\"canonical\" href=\"https:\/\/www.abileneteachersfcu.org\/es\/acerca-de\/boletin-de-noticias-de-actualidad\/\" \/>\n<meta property=\"og:locale\" content=\"es_ES\" \/>\n<meta property=\"og:type\" content=\"article\" \/>\n<meta property=\"og:title\" content=\"Newsletter &amp; Current Happenings - Abilene Teachers Federal Credit Union\" \/>\n<meta property=\"og:description\" content=\"The newsletter archive of Abilene Teachers FCU is available here along with current happenings at the credit union.\" \/>\n<meta property=\"og:url\" content=\"https:\/\/www.abileneteachersfcu.org\/es\/acerca-de\/boletin-de-noticias-de-actualidad\/\" \/>\n<meta property=\"og:site_name\" content=\"Abilene Teachers Federal Credit Union\" \/>\n<meta property=\"article:modified_time\" content=\"2026-04-03T21:50:32+00:00\" \/>\n<meta name=\"twitter:card\" content=\"summary_large_image\" \/>\n<meta name=\"twitter:label1\" content=\"Est. reading time\" \/>\n\t<meta name=\"twitter:data1\" content=\"4 minutos\" \/>\n<script type=\"application\/ld+json\" class=\"yoast-schema-graph\">{\"@context\":\"https:\/\/schema.org\",\"@graph\":[{\"@type\":\"WebPage\",\"@id\":\"https:\/\/www.abileneteachersfcu.org\/about\/newsletter-current-happenings\/\",\"url\":\"https:\/\/www.abileneteachersfcu.org\/about\/newsletter-current-happenings\/\",\"name\":\"Newsletter & Current Happenings - Abilene Teachers Federal Credit Union\",\"isPartOf\":{\"@id\":\"https:\/\/www.abileneteachersfcu.org\/#website\"},\"datePublished\":\"2026-01-01T07:10:55+00:00\",\"dateModified\":\"2026-04-03T21:50:32+00:00\",\"description\":\"The newsletter archive of Abilene Teachers FCU is available here along with current happenings at the credit union.\",\"breadcrumb\":{\"@id\":\"https:\/\/www.abileneteachersfcu.org\/about\/newsletter-current-happenings\/#breadcrumb\"},\"inLanguage\":\"es-ES\",\"potentialAction\":[{\"@type\":\"ReadAction\",\"target\":[\"https:\/\/www.abileneteachersfcu.org\/about\/newsletter-current-happenings\/\"]}]},{\"@type\":\"BreadcrumbList\",\"@id\":\"https:\/\/www.abileneteachersfcu.org\/about\/newsletter-current-happenings\/#breadcrumb\",\"itemListElement\":[{\"@type\":\"ListItem\",\"position\":1,\"name\":\"Home\",\"item\":\"https:\/\/www.abileneteachersfcu.org\/\"},{\"@type\":\"ListItem\",\"position\":2,\"name\":\"About Us\",\"item\":\"https:\/\/www.abileneteachersfcu.org\/about\/\"},{\"@type\":\"ListItem\",\"position\":3,\"name\":\"Newsletter &#038; Current Happenings\"}]},{\"@type\":\"WebSite\",\"@id\":\"https:\/\/www.abileneteachersfcu.org\/#website\",\"url\":\"https:\/\/www.abileneteachersfcu.org\/\",\"name\":\"Abilene Teachers Federal Credit Union\",\"description\":\"\",\"potentialAction\":[{\"@type\":\"SearchAction\",\"target\":{\"@type\":\"EntryPoint\",\"urlTemplate\":\"https:\/\/www.abileneteachersfcu.org\/?s={search_term_string}\"},\"query-input\":{\"@type\":\"PropertyValueSpecification\",\"valueRequired\":true,\"valueName\":\"search_term_string\"}}],\"inLanguage\":\"es-ES\"}]}<\/script>\n<!-- \/ Yoast SEO plugin. -->","yoast_head_json":{"title":"Bolet\u00edn informativo y acontecimientos actuales - Abilene Teachers Federal Credit Union","description":"Aqu\u00ed encontrar\u00e1 el archivo de boletines informativos de Abilene Teachers FCU, junto con las novedades de la cooperativa de cr\u00e9dito.","robots":{"index":"index","follow":"follow","max-snippet":"max-snippet:-1","max-image-preview":"max-image-preview:large","max-video-preview":"max-video-preview:-1"},"canonical":"https:\/\/www.abileneteachersfcu.org\/es\/acerca-de\/boletin-de-noticias-de-actualidad\/","og_locale":"es_ES","og_type":"article","og_title":"Newsletter & Current Happenings - Abilene Teachers Federal Credit Union","og_description":"The newsletter archive of Abilene Teachers FCU is available here along with current happenings at the credit union.","og_url":"https:\/\/www.abileneteachersfcu.org\/es\/acerca-de\/boletin-de-noticias-de-actualidad\/","og_site_name":"Abilene Teachers Federal Credit Union","article_modified_time":"2026-04-03T21:50:32+00:00","twitter_card":"summary_large_image","twitter_misc":{"Est. reading time":"4 minutos"},"schema":{"@context":"https:\/\/schema.org","@graph":[{"@type":"WebPage","@id":"https:\/\/www.abileneteachersfcu.org\/about\/newsletter-current-happenings\/","url":"https:\/\/www.abileneteachersfcu.org\/about\/newsletter-current-happenings\/","name":"Bolet\u00edn informativo y acontecimientos actuales - Abilene Teachers Federal Credit Union","isPartOf":{"@id":"https:\/\/www.abileneteachersfcu.org\/#website"},"datePublished":"2026-01-01T07:10:55+00:00","dateModified":"2026-04-03T21:50:32+00:00","description":"Aqu\u00ed encontrar\u00e1 el archivo de boletines informativos de Abilene Teachers FCU, junto con las novedades de la cooperativa de cr\u00e9dito.","breadcrumb":{"@id":"https:\/\/www.abileneteachersfcu.org\/about\/newsletter-current-happenings\/#breadcrumb"},"inLanguage":"es-ES","potentialAction":[{"@type":"ReadAction","target":["https:\/\/www.abileneteachersfcu.org\/about\/newsletter-current-happenings\/"]}]},{"@type":"BreadcrumbList","@id":"https:\/\/www.abileneteachersfcu.org\/about\/newsletter-current-happenings\/#breadcrumb","itemListElement":[{"@type":"ListItem","position":1,"name":"Home","item":"https:\/\/www.abileneteachersfcu.org\/"},{"@type":"ListItem","position":2,"name":"About Us","item":"https:\/\/www.abileneteachersfcu.org\/about\/"},{"@type":"ListItem","position":3,"name":"Newsletter &#038; Current Happenings"}]},{"@type":"WebSite","@id":"https:\/\/www.abileneteachersfcu.org\/#website","url":"https:\/\/www.abileneteachersfcu.org\/","name":"Cooperativa de cr\u00e9dito federal de maestros de Abilene","description":"","potentialAction":[{"@type":"SearchAction","target":{"@type":"EntryPoint","urlTemplate":"https:\/\/www.abileneteachersfcu.org\/?s={search_term_string}"},"query-input":{"@type":"PropertyValueSpecification","valueRequired":true,"valueName":"search_term_string"}}],"inLanguage":"es-ES"}]}},"_links":{"self":[{"href":"https:\/\/www.abileneteachersfcu.org\/es\/wp-json\/wp\/v2\/pages\/6120","targetHints":{"allow":["GET"]}}],"collection":[{"href":"https:\/\/www.abileneteachersfcu.org\/es\/wp-json\/wp\/v2\/pages"}],"about":[{"href":"https:\/\/www.abileneteachersfcu.org\/es\/wp-json\/wp\/v2\/types\/page"}],"author":[{"embeddable":true,"href":"https:\/\/www.abileneteachersfcu.org\/es\/wp-json\/wp\/v2\/users\/10"}],"replies":[{"embeddable":true,"href":"https:\/\/www.abileneteachersfcu.org\/es\/wp-json\/wp\/v2\/comments?post=6120"}],"version-history":[{"count":137,"href":"https:\/\/www.abileneteachersfcu.org\/es\/wp-json\/wp\/v2\/pages\/6120\/revisions"}],"predecessor-version":[{"id":9203,"href":"https:\/\/www.abileneteachersfcu.org\/es\/wp-json\/wp\/v2\/pages\/6120\/revisions\/9203"}],"up":[{"embeddable":true,"href":"https:\/\/www.abileneteachersfcu.org\/es\/wp-json\/wp\/v2\/pages\/1633"}],"wp:attachment":[{"href":"https:\/\/www.abileneteachersfcu.org\/es\/wp-json\/wp\/v2\/media?parent=6120"}],"curies":[{"name":"wp","href":"https:\/\/api.w.org\/{rel}","templated":true}]}}