{"id":2496,"date":"2021-01-20T11:37:56","date_gmt":"2021-01-20T18:37:56","guid":{"rendered":"https:\/\/www.abileneteachersfcu.org\/?page_id=2496"},"modified":"2023-05-11T10:41:12","modified_gmt":"2023-05-11T15:41:12","slug":"resultados-de-la-busqueda-de-asistencia-para-miembros","status":"publish","type":"page","link":"https:\/\/www.abileneteachersfcu.org\/es\/resultados-de-la-busqueda-de-asistencia-para-miembros\/","title":{"rendered":"Resultados de la b\u00fasqueda de asistencia para miembros"},"content":{"rendered":"","protected":false},"excerpt":{"rendered":"","protected":false},"author":8,"featured_media":0,"parent":0,"menu_order":0,"comment_status":"closed","ping_status":"closed","template":"tpl-supportSearchResults.php","meta":{"_acf_changed":false,"_searchwp_excluded":"","footnotes":""},"class_list":["post-2496","page","type-page","status-publish","hentry"],"acf":[],"yoast_head":"<!-- This site is optimized with the Yoast SEO plugin v27.2 - https:\/\/yoast.com\/product\/yoast-seo-wordpress\/ -->\n<title>Member Assistance Search Results - Abilene Teachers Federal Credit Union<\/title>\n<meta name=\"description\" content=\"Some financial questions don&#039;t have easy answers. Please contact us personally by phone or text to discuss your situation.\" \/>\n<meta name=\"robots\" content=\"index, follow, max-snippet:-1, max-image-preview:large, max-video-preview:-1\" \/>\n<link rel=\"canonical\" href=\"https:\/\/www.abileneteachersfcu.org\/es\/resultados-de-la-busqueda-de-asistencia-para-miembros\/\" \/>\n<meta property=\"og:locale\" content=\"es_ES\" \/>\n<meta property=\"og:type\" content=\"article\" \/>\n<meta property=\"og:title\" content=\"Member Assistance Search Results - Abilene Teachers Federal Credit Union\" \/>\n<meta property=\"og:description\" content=\"Some financial questions don&#039;t have easy answers. Please contact us personally by phone or text to discuss your situation.\" \/>\n<meta property=\"og:url\" content=\"https:\/\/www.abileneteachersfcu.org\/es\/resultados-de-la-busqueda-de-asistencia-para-miembros\/\" \/>\n<meta property=\"og:site_name\" content=\"Abilene Teachers Federal Credit Union\" \/>\n<meta property=\"article:modified_time\" content=\"2023-05-11T15:41:12+00:00\" \/>\n<meta name=\"twitter:card\" content=\"summary_large_image\" \/>\n<script type=\"application\/ld+json\" class=\"yoast-schema-graph\">{\"@context\":\"https:\/\/schema.org\",\"@graph\":[{\"@type\":\"WebPage\",\"@id\":\"https:\/\/www.abileneteachersfcu.org\/member-assistance-search-results\/\",\"url\":\"https:\/\/www.abileneteachersfcu.org\/member-assistance-search-results\/\",\"name\":\"Member Assistance Search Results - Abilene Teachers Federal Credit Union\",\"isPartOf\":{\"@id\":\"https:\/\/www.abileneteachersfcu.org\/#website\"},\"datePublished\":\"2021-01-20T18:37:56+00:00\",\"dateModified\":\"2023-05-11T15:41:12+00:00\",\"description\":\"Some financial questions don't have easy answers. Please contact us personally by phone or text to discuss your situation.\",\"breadcrumb\":{\"@id\":\"https:\/\/www.abileneteachersfcu.org\/member-assistance-search-results\/#breadcrumb\"},\"inLanguage\":\"es-ES\",\"potentialAction\":[{\"@type\":\"ReadAction\",\"target\":[\"https:\/\/www.abileneteachersfcu.org\/member-assistance-search-results\/\"]}]},{\"@type\":\"BreadcrumbList\",\"@id\":\"https:\/\/www.abileneteachersfcu.org\/member-assistance-search-results\/#breadcrumb\",\"itemListElement\":[{\"@type\":\"ListItem\",\"position\":1,\"name\":\"Home\",\"item\":\"https:\/\/www.abileneteachersfcu.org\/\"},{\"@type\":\"ListItem\",\"position\":2,\"name\":\"Member Assistance Search Results\"}]},{\"@type\":\"WebSite\",\"@id\":\"https:\/\/www.abileneteachersfcu.org\/#website\",\"url\":\"https:\/\/www.abileneteachersfcu.org\/\",\"name\":\"Abilene Teachers Federal Credit Union\",\"description\":\"\",\"potentialAction\":[{\"@type\":\"SearchAction\",\"target\":{\"@type\":\"EntryPoint\",\"urlTemplate\":\"https:\/\/www.abileneteachersfcu.org\/?s={search_term_string}\"},\"query-input\":{\"@type\":\"PropertyValueSpecification\",\"valueRequired\":true,\"valueName\":\"search_term_string\"}}],\"inLanguage\":\"es-ES\"}]}<\/script>\n<!-- \/ Yoast SEO plugin. -->","yoast_head_json":{"title":"Resultados de la b\u00fasqueda de asistencia para miembros - Abilene Teachers Federal Credit Union","description":"Algunas preguntas financieras no tienen respuestas f\u00e1ciles. Comun\u00edquese con nosotros personalmente por tel\u00e9fono o mensaje de texto para analizar su situaci\u00f3n.","robots":{"index":"index","follow":"follow","max-snippet":"max-snippet:-1","max-image-preview":"max-image-preview:large","max-video-preview":"max-video-preview:-1"},"canonical":"https:\/\/www.abileneteachersfcu.org\/es\/resultados-de-la-busqueda-de-asistencia-para-miembros\/","og_locale":"es_ES","og_type":"article","og_title":"Member Assistance Search Results - Abilene Teachers Federal Credit Union","og_description":"Some financial questions don't have easy answers. Please contact us personally by phone or text to discuss your situation.","og_url":"https:\/\/www.abileneteachersfcu.org\/es\/resultados-de-la-busqueda-de-asistencia-para-miembros\/","og_site_name":"Abilene Teachers Federal Credit Union","article_modified_time":"2023-05-11T15:41:12+00:00","twitter_card":"summary_large_image","schema":{"@context":"https:\/\/schema.org","@graph":[{"@type":"WebPage","@id":"https:\/\/www.abileneteachersfcu.org\/member-assistance-search-results\/","url":"https:\/\/www.abileneteachersfcu.org\/member-assistance-search-results\/","name":"Resultados de la b\u00fasqueda de asistencia para miembros - Abilene Teachers Federal Credit Union","isPartOf":{"@id":"https:\/\/www.abileneteachersfcu.org\/#website"},"datePublished":"2021-01-20T18:37:56+00:00","dateModified":"2023-05-11T15:41:12+00:00","description":"Algunas preguntas financieras no tienen respuestas f\u00e1ciles. Comun\u00edquese con nosotros personalmente por tel\u00e9fono o mensaje de texto para analizar su situaci\u00f3n.","breadcrumb":{"@id":"https:\/\/www.abileneteachersfcu.org\/member-assistance-search-results\/#breadcrumb"},"inLanguage":"es-ES","potentialAction":[{"@type":"ReadAction","target":["https:\/\/www.abileneteachersfcu.org\/member-assistance-search-results\/"]}]},{"@type":"BreadcrumbList","@id":"https:\/\/www.abileneteachersfcu.org\/member-assistance-search-results\/#breadcrumb","itemListElement":[{"@type":"ListItem","position":1,"name":"Home","item":"https:\/\/www.abileneteachersfcu.org\/"},{"@type":"ListItem","position":2,"name":"Member Assistance Search Results"}]},{"@type":"WebSite","@id":"https:\/\/www.abileneteachersfcu.org\/#website","url":"https:\/\/www.abileneteachersfcu.org\/","name":"Cooperativa de cr\u00e9dito federal de maestros de Abilene","description":"","potentialAction":[{"@type":"SearchAction","target":{"@type":"EntryPoint","urlTemplate":"https:\/\/www.abileneteachersfcu.org\/?s={search_term_string}"},"query-input":{"@type":"PropertyValueSpecification","valueRequired":true,"valueName":"search_term_string"}}],"inLanguage":"es-ES"}]}},"_links":{"self":[{"href":"https:\/\/www.abileneteachersfcu.org\/es\/wp-json\/wp\/v2\/pages\/2496","targetHints":{"allow":["GET"]}}],"collection":[{"href":"https:\/\/www.abileneteachersfcu.org\/es\/wp-json\/wp\/v2\/pages"}],"about":[{"href":"https:\/\/www.abileneteachersfcu.org\/es\/wp-json\/wp\/v2\/types\/page"}],"author":[{"embeddable":true,"href":"https:\/\/www.abileneteachersfcu.org\/es\/wp-json\/wp\/v2\/users\/8"}],"replies":[{"embeddable":true,"href":"https:\/\/www.abileneteachersfcu.org\/es\/wp-json\/wp\/v2\/comments?post=2496"}],"version-history":[{"count":0,"href":"https:\/\/www.abileneteachersfcu.org\/es\/wp-json\/wp\/v2\/pages\/2496\/revisions"}],"wp:attachment":[{"href":"https:\/\/www.abileneteachersfcu.org\/es\/wp-json\/wp\/v2\/media?parent=2496"}],"curies":[{"name":"wp","href":"https:\/\/api.w.org\/{rel}","templated":true}]}}