{"id":1620,"date":"2025-05-06T16:40:36","date_gmt":"2025-05-06T21:40:36","guid":{"rendered":"https:\/\/www.abileneteachersfcu.org\/invest-insure\/vehicle-warranty\/"},"modified":"2025-05-06T16:54:02","modified_gmt":"2025-05-06T21:54:02","slug":"garantia-del-vehiculo","status":"publish","type":"page","link":"https:\/\/www.abileneteachersfcu.org\/es\/invest-insure\/insurance\/vehicle-warranty\/","title":{"rendered":"Garant\u00eda del veh\u00edculo"},"content":{"rendered":"","protected":false},"excerpt":{"rendered":"","protected":false},"author":8,"featured_media":0,"parent":1617,"menu_order":0,"comment_status":"closed","ping_status":"closed","template":"","meta":{"_acf_changed":false,"_searchwp_excluded":"","footnotes":""},"class_list":["post-1620","page","type-page","status-publish","hentry"],"acf":[],"yoast_head":"<!-- This site is optimized with the Yoast SEO plugin v27.5 - https:\/\/yoast.com\/product\/yoast-seo-wordpress\/ -->\n<title>Vehicle Warranty - Abilene Teachers Federal Credit Union<\/title>\n<meta name=\"description\" content=\"Your vehicle is your lifeline in west Texas. Extend its life and protect your budget with affordable mechanical breakdown insurance.\" \/>\n<meta name=\"robots\" content=\"index, follow, max-snippet:-1, max-image-preview:large, max-video-preview:-1\" \/>\n<link rel=\"canonical\" href=\"https:\/\/www.abileneteachersfcu.org\/es\/invertir-asegurar\/seguro\/garantia-del-vehiculo\/\" \/>\n<meta property=\"og:locale\" content=\"es_ES\" \/>\n<meta property=\"og:type\" content=\"article\" \/>\n<meta property=\"og:title\" content=\"Vehicle Warranty - Abilene Teachers Federal Credit Union\" \/>\n<meta property=\"og:description\" content=\"Your vehicle is your lifeline in west Texas. Extend its life and protect your budget with affordable mechanical breakdown insurance.\" \/>\n<meta property=\"og:url\" content=\"https:\/\/www.abileneteachersfcu.org\/es\/invertir-asegurar\/seguro\/garantia-del-vehiculo\/\" \/>\n<meta property=\"og:site_name\" content=\"Abilene Teachers Federal Credit Union\" \/>\n<meta property=\"article:modified_time\" content=\"2025-05-06T21:54:02+00:00\" \/>\n<meta name=\"twitter:card\" content=\"summary_large_image\" \/>\n<meta name=\"twitter:label1\" content=\"Est. reading time\" \/>\n\t<meta name=\"twitter:data1\" content=\"3 minutos\" \/>\n<script type=\"application\/ld+json\" class=\"yoast-schema-graph\">{\"@context\":\"https:\\\/\\\/schema.org\",\"@graph\":[{\"@type\":\"WebPage\",\"@id\":\"https:\\\/\\\/www.abileneteachersfcu.org\\\/invest-insure\\\/insurance\\\/vehicle-warranty\\\/\",\"url\":\"https:\\\/\\\/www.abileneteachersfcu.org\\\/invest-insure\\\/insurance\\\/vehicle-warranty\\\/\",\"name\":\"Vehicle Warranty - Abilene Teachers Federal Credit Union\",\"isPartOf\":{\"@id\":\"https:\\\/\\\/www.abileneteachersfcu.org\\\/#website\"},\"datePublished\":\"2025-05-06T21:40:36+00:00\",\"dateModified\":\"2025-05-06T21:54:02+00:00\",\"description\":\"Your vehicle is your lifeline in west Texas. Extend its life and protect your budget with affordable mechanical breakdown insurance.\",\"breadcrumb\":{\"@id\":\"https:\\\/\\\/www.abileneteachersfcu.org\\\/invest-insure\\\/insurance\\\/vehicle-warranty\\\/#breadcrumb\"},\"inLanguage\":\"es-ES\",\"potentialAction\":[{\"@type\":\"ReadAction\",\"target\":[\"https:\\\/\\\/www.abileneteachersfcu.org\\\/invest-insure\\\/insurance\\\/vehicle-warranty\\\/\"]}]},{\"@type\":\"BreadcrumbList\",\"@id\":\"https:\\\/\\\/www.abileneteachersfcu.org\\\/invest-insure\\\/insurance\\\/vehicle-warranty\\\/#breadcrumb\",\"itemListElement\":[{\"@type\":\"ListItem\",\"position\":1,\"name\":\"Home\",\"item\":\"https:\\\/\\\/www.abileneteachersfcu.org\\\/\"},{\"@type\":\"ListItem\",\"position\":2,\"name\":\"Invest &#038; Insure\",\"item\":\"https:\\\/\\\/www.abileneteachersfcu.org\\\/invest-insure\\\/\"},{\"@type\":\"ListItem\",\"position\":3,\"name\":\"Insurance\",\"item\":\"https:\\\/\\\/www.abileneteachersfcu.org\\\/invest-insure\\\/insurance\\\/\"},{\"@type\":\"ListItem\",\"position\":4,\"name\":\"Vehicle Warranty\"}]},{\"@type\":\"WebSite\",\"@id\":\"https:\\\/\\\/www.abileneteachersfcu.org\\\/#website\",\"url\":\"https:\\\/\\\/www.abileneteachersfcu.org\\\/\",\"name\":\"Abilene Teachers Federal Credit Union\",\"description\":\"\",\"potentialAction\":[{\"@type\":\"SearchAction\",\"target\":{\"@type\":\"EntryPoint\",\"urlTemplate\":\"https:\\\/\\\/www.abileneteachersfcu.org\\\/?s={search_term_string}\"},\"query-input\":{\"@type\":\"PropertyValueSpecification\",\"valueRequired\":true,\"valueName\":\"search_term_string\"}}],\"inLanguage\":\"es-ES\"}]}<\/script>\n<!-- \/ Yoast SEO plugin. -->","yoast_head_json":{"title":"Garant\u00eda del veh\u00edculo - Abilene Teachers Federal Credit Union","description":"Su veh\u00edculo es su salvavidas en el oeste de Texas. Ampl\u00ede su vida y proteja su presupuesto con un seguro asequible contra aver\u00edas mec\u00e1nicas.","robots":{"index":"index","follow":"follow","max-snippet":"max-snippet:-1","max-image-preview":"max-image-preview:large","max-video-preview":"max-video-preview:-1"},"canonical":"https:\/\/www.abileneteachersfcu.org\/es\/invertir-asegurar\/seguro\/garantia-del-vehiculo\/","og_locale":"es_ES","og_type":"article","og_title":"Vehicle Warranty - Abilene Teachers Federal Credit Union","og_description":"Your vehicle is your lifeline in west Texas. Extend its life and protect your budget with affordable mechanical breakdown insurance.","og_url":"https:\/\/www.abileneteachersfcu.org\/es\/invertir-asegurar\/seguro\/garantia-del-vehiculo\/","og_site_name":"Abilene Teachers Federal Credit Union","article_modified_time":"2025-05-06T21:54:02+00:00","twitter_card":"summary_large_image","twitter_misc":{"Est. reading time":"3 minutos"},"schema":{"@context":"https:\/\/schema.org","@graph":[{"@type":"WebPage","@id":"https:\/\/www.abileneteachersfcu.org\/invest-insure\/insurance\/vehicle-warranty\/","url":"https:\/\/www.abileneteachersfcu.org\/invest-insure\/insurance\/vehicle-warranty\/","name":"Garant\u00eda del veh\u00edculo - Abilene Teachers Federal Credit Union","isPartOf":{"@id":"https:\/\/www.abileneteachersfcu.org\/#website"},"datePublished":"2025-05-06T21:40:36+00:00","dateModified":"2025-05-06T21:54:02+00:00","description":"Su veh\u00edculo es su salvavidas en el oeste de Texas. Ampl\u00ede su vida y proteja su presupuesto con un seguro asequible contra aver\u00edas mec\u00e1nicas.","breadcrumb":{"@id":"https:\/\/www.abileneteachersfcu.org\/invest-insure\/insurance\/vehicle-warranty\/#breadcrumb"},"inLanguage":"es-ES","potentialAction":[{"@type":"ReadAction","target":["https:\/\/www.abileneteachersfcu.org\/invest-insure\/insurance\/vehicle-warranty\/"]}]},{"@type":"BreadcrumbList","@id":"https:\/\/www.abileneteachersfcu.org\/invest-insure\/insurance\/vehicle-warranty\/#breadcrumb","itemListElement":[{"@type":"ListItem","position":1,"name":"Home","item":"https:\/\/www.abileneteachersfcu.org\/"},{"@type":"ListItem","position":2,"name":"Invest &#038; Insure","item":"https:\/\/www.abileneteachersfcu.org\/invest-insure\/"},{"@type":"ListItem","position":3,"name":"Insurance","item":"https:\/\/www.abileneteachersfcu.org\/invest-insure\/insurance\/"},{"@type":"ListItem","position":4,"name":"Vehicle Warranty"}]},{"@type":"WebSite","@id":"https:\/\/www.abileneteachersfcu.org\/#website","url":"https:\/\/www.abileneteachersfcu.org\/","name":"Cooperativa de cr\u00e9dito federal de maestros de Abilene","description":"","potentialAction":[{"@type":"SearchAction","target":{"@type":"EntryPoint","urlTemplate":"https:\/\/www.abileneteachersfcu.org\/?s={search_term_string}"},"query-input":{"@type":"PropertyValueSpecification","valueRequired":true,"valueName":"search_term_string"}}],"inLanguage":"es-ES"}]}},"_links":{"self":[{"href":"https:\/\/www.abileneteachersfcu.org\/es\/wp-json\/wp\/v2\/pages\/1620","targetHints":{"allow":["GET"]}}],"collection":[{"href":"https:\/\/www.abileneteachersfcu.org\/es\/wp-json\/wp\/v2\/pages"}],"about":[{"href":"https:\/\/www.abileneteachersfcu.org\/es\/wp-json\/wp\/v2\/types\/page"}],"author":[{"embeddable":true,"href":"https:\/\/www.abileneteachersfcu.org\/es\/wp-json\/wp\/v2\/users\/8"}],"replies":[{"embeddable":true,"href":"https:\/\/www.abileneteachersfcu.org\/es\/wp-json\/wp\/v2\/comments?post=1620"}],"version-history":[{"count":7,"href":"https:\/\/www.abileneteachersfcu.org\/es\/wp-json\/wp\/v2\/pages\/1620\/revisions"}],"predecessor-version":[{"id":8377,"href":"https:\/\/www.abileneteachersfcu.org\/es\/wp-json\/wp\/v2\/pages\/1620\/revisions\/8377"}],"up":[{"embeddable":true,"href":"https:\/\/www.abileneteachersfcu.org\/es\/wp-json\/wp\/v2\/pages\/1617"}],"wp:attachment":[{"href":"https:\/\/www.abileneteachersfcu.org\/es\/wp-json\/wp\/v2\/media?parent=1620"}],"curies":[{"name":"wp","href":"https:\/\/api.w.org\/{rel}","templated":true}]}}