{"id":1613,"date":"2024-09-06T11:41:42","date_gmt":"2024-09-06T16:41:42","guid":{"rendered":"https:\/\/www.abileneteachersfcu.org\/invest-insure\/retirement\/"},"modified":"2024-09-06T11:42:32","modified_gmt":"2024-09-06T16:42:32","slug":"ahorro-especializado","status":"publish","type":"page","link":"https:\/\/www.abileneteachersfcu.org\/es\/invest-insure\/specialized-savings\/","title":{"rendered":"Ahorros Especializados"},"content":{"rendered":"","protected":false},"excerpt":{"rendered":"","protected":false},"author":8,"featured_media":0,"parent":1612,"menu_order":0,"comment_status":"closed","ping_status":"closed","template":"","meta":{"_acf_changed":false,"_searchwp_excluded":"","footnotes":""},"class_list":["post-1613","page","type-page","status-publish","hentry"],"acf":[],"yoast_head":"<!-- This site is optimized with the Yoast SEO plugin v27.5 - https:\/\/yoast.com\/product\/yoast-seo-wordpress\/ -->\n<title>Specialized Savings - Abilene Teachers Federal Credit Union<\/title>\n<meta name=\"description\" content=\"IRA&#039;s, Health Savings Accounts and Coverdell Education Savings are available. Contact a Specialty Account Representative for information.\" \/>\n<meta name=\"robots\" content=\"index, follow, max-snippet:-1, max-image-preview:large, max-video-preview:-1\" \/>\n<link rel=\"canonical\" href=\"https:\/\/www.abileneteachersfcu.org\/es\/invertir-asegurar\/ahorro-especializado\/\" \/>\n<meta property=\"og:locale\" content=\"es_ES\" \/>\n<meta property=\"og:type\" content=\"article\" \/>\n<meta property=\"og:title\" content=\"Specialized Savings - Abilene Teachers Federal Credit Union\" \/>\n<meta property=\"og:description\" content=\"IRA&#039;s, Health Savings Accounts and Coverdell Education Savings are available. Contact a Specialty Account Representative for information.\" \/>\n<meta property=\"og:url\" content=\"https:\/\/www.abileneteachersfcu.org\/es\/invertir-asegurar\/ahorro-especializado\/\" \/>\n<meta property=\"og:site_name\" content=\"Abilene Teachers Federal Credit Union\" \/>\n<meta property=\"article:modified_time\" content=\"2024-09-06T16:42:32+00:00\" \/>\n<meta property=\"og:image\" content=\"https:\/\/www.abileneteachersfcu.org\/files\/woman-exercising-outdoors-636X475.jpg\" \/>\n\t<meta property=\"og:image:width\" content=\"924\" \/>\n\t<meta property=\"og:image:height\" content=\"689\" \/>\n\t<meta property=\"og:image:type\" content=\"image\/jpeg\" \/>\n<meta name=\"twitter:card\" content=\"summary_large_image\" \/>\n<meta name=\"twitter:label1\" content=\"Est. reading time\" \/>\n\t<meta name=\"twitter:data1\" content=\"2 minutos\" \/>\n<script type=\"application\/ld+json\" class=\"yoast-schema-graph\">{\"@context\":\"https:\\\/\\\/schema.org\",\"@graph\":[{\"@type\":\"WebPage\",\"@id\":\"https:\\\/\\\/www.abileneteachersfcu.org\\\/invest-insure\\\/specialized-savings\\\/\",\"url\":\"https:\\\/\\\/www.abileneteachersfcu.org\\\/invest-insure\\\/specialized-savings\\\/\",\"name\":\"Specialized Savings - Abilene Teachers Federal Credit Union\",\"isPartOf\":{\"@id\":\"https:\\\/\\\/www.abileneteachersfcu.org\\\/#website\"},\"datePublished\":\"2024-09-06T16:41:42+00:00\",\"dateModified\":\"2024-09-06T16:42:32+00:00\",\"description\":\"IRA's, Health Savings Accounts and Coverdell Education Savings are available. Contact a Specialty Account Representative for information.\",\"breadcrumb\":{\"@id\":\"https:\\\/\\\/www.abileneteachersfcu.org\\\/invest-insure\\\/specialized-savings\\\/#breadcrumb\"},\"inLanguage\":\"es-ES\",\"potentialAction\":[{\"@type\":\"ReadAction\",\"target\":[\"https:\\\/\\\/www.abileneteachersfcu.org\\\/invest-insure\\\/specialized-savings\\\/\"]}]},{\"@type\":\"BreadcrumbList\",\"@id\":\"https:\\\/\\\/www.abileneteachersfcu.org\\\/invest-insure\\\/specialized-savings\\\/#breadcrumb\",\"itemListElement\":[{\"@type\":\"ListItem\",\"position\":1,\"name\":\"Home\",\"item\":\"https:\\\/\\\/www.abileneteachersfcu.org\\\/\"},{\"@type\":\"ListItem\",\"position\":2,\"name\":\"Invest &#038; Insure\",\"item\":\"https:\\\/\\\/www.abileneteachersfcu.org\\\/invest-insure\\\/\"},{\"@type\":\"ListItem\",\"position\":3,\"name\":\"Specialized Savings\"}]},{\"@type\":\"WebSite\",\"@id\":\"https:\\\/\\\/www.abileneteachersfcu.org\\\/#website\",\"url\":\"https:\\\/\\\/www.abileneteachersfcu.org\\\/\",\"name\":\"Abilene Teachers Federal Credit Union\",\"description\":\"\",\"potentialAction\":[{\"@type\":\"SearchAction\",\"target\":{\"@type\":\"EntryPoint\",\"urlTemplate\":\"https:\\\/\\\/www.abileneteachersfcu.org\\\/?s={search_term_string}\"},\"query-input\":{\"@type\":\"PropertyValueSpecification\",\"valueRequired\":true,\"valueName\":\"search_term_string\"}}],\"inLanguage\":\"es-ES\"}]}<\/script>\n<!-- \/ Yoast SEO plugin. -->","yoast_head_json":{"title":"Ahorros especializados - Abilene Teachers Federal Credit Union","description":"Hay disponibles cuentas IRA, cuentas de ahorro para gastos m\u00e9dicos y cuentas de ahorro para educaci\u00f3n Coverdell. Comun\u00edquese con un representante de cuentas especializadas para obtener m\u00e1s informaci\u00f3n.","robots":{"index":"index","follow":"follow","max-snippet":"max-snippet:-1","max-image-preview":"max-image-preview:large","max-video-preview":"max-video-preview:-1"},"canonical":"https:\/\/www.abileneteachersfcu.org\/es\/invertir-asegurar\/ahorro-especializado\/","og_locale":"es_ES","og_type":"article","og_title":"Specialized Savings - Abilene Teachers Federal Credit Union","og_description":"IRA's, Health Savings Accounts and Coverdell Education Savings are available. Contact a Specialty Account Representative for information.","og_url":"https:\/\/www.abileneteachersfcu.org\/es\/invertir-asegurar\/ahorro-especializado\/","og_site_name":"Abilene Teachers Federal Credit Union","article_modified_time":"2024-09-06T16:42:32+00:00","og_image":[{"width":924,"height":689,"url":"https:\/\/www.abileneteachersfcu.org\/files\/woman-exercising-outdoors-636X475.jpg","type":"image\/jpeg"}],"twitter_card":"summary_large_image","twitter_misc":{"Est. reading time":"2 minutos"},"schema":{"@context":"https:\/\/schema.org","@graph":[{"@type":"WebPage","@id":"https:\/\/www.abileneteachersfcu.org\/invest-insure\/specialized-savings\/","url":"https:\/\/www.abileneteachersfcu.org\/invest-insure\/specialized-savings\/","name":"Ahorros especializados - Abilene Teachers Federal Credit Union","isPartOf":{"@id":"https:\/\/www.abileneteachersfcu.org\/#website"},"datePublished":"2024-09-06T16:41:42+00:00","dateModified":"2024-09-06T16:42:32+00:00","description":"Hay disponibles cuentas IRA, cuentas de ahorro para gastos m\u00e9dicos y cuentas de ahorro para educaci\u00f3n Coverdell. Comun\u00edquese con un representante de cuentas especializadas para obtener m\u00e1s informaci\u00f3n.","breadcrumb":{"@id":"https:\/\/www.abileneteachersfcu.org\/invest-insure\/specialized-savings\/#breadcrumb"},"inLanguage":"es-ES","potentialAction":[{"@type":"ReadAction","target":["https:\/\/www.abileneteachersfcu.org\/invest-insure\/specialized-savings\/"]}]},{"@type":"BreadcrumbList","@id":"https:\/\/www.abileneteachersfcu.org\/invest-insure\/specialized-savings\/#breadcrumb","itemListElement":[{"@type":"ListItem","position":1,"name":"Home","item":"https:\/\/www.abileneteachersfcu.org\/"},{"@type":"ListItem","position":2,"name":"Invest &#038; Insure","item":"https:\/\/www.abileneteachersfcu.org\/invest-insure\/"},{"@type":"ListItem","position":3,"name":"Specialized Savings"}]},{"@type":"WebSite","@id":"https:\/\/www.abileneteachersfcu.org\/#website","url":"https:\/\/www.abileneteachersfcu.org\/","name":"Cooperativa de cr\u00e9dito federal de maestros de Abilene","description":"","potentialAction":[{"@type":"SearchAction","target":{"@type":"EntryPoint","urlTemplate":"https:\/\/www.abileneteachersfcu.org\/?s={search_term_string}"},"query-input":{"@type":"PropertyValueSpecification","valueRequired":true,"valueName":"search_term_string"}}],"inLanguage":"es-ES"}]}},"_links":{"self":[{"href":"https:\/\/www.abileneteachersfcu.org\/es\/wp-json\/wp\/v2\/pages\/1613","targetHints":{"allow":["GET"]}}],"collection":[{"href":"https:\/\/www.abileneteachersfcu.org\/es\/wp-json\/wp\/v2\/pages"}],"about":[{"href":"https:\/\/www.abileneteachersfcu.org\/es\/wp-json\/wp\/v2\/types\/page"}],"author":[{"embeddable":true,"href":"https:\/\/www.abileneteachersfcu.org\/es\/wp-json\/wp\/v2\/users\/8"}],"replies":[{"embeddable":true,"href":"https:\/\/www.abileneteachersfcu.org\/es\/wp-json\/wp\/v2\/comments?post=1613"}],"version-history":[{"count":2,"href":"https:\/\/www.abileneteachersfcu.org\/es\/wp-json\/wp\/v2\/pages\/1613\/revisions"}],"predecessor-version":[{"id":7233,"href":"https:\/\/www.abileneteachersfcu.org\/es\/wp-json\/wp\/v2\/pages\/1613\/revisions\/7233"}],"up":[{"embeddable":true,"href":"https:\/\/www.abileneteachersfcu.org\/es\/wp-json\/wp\/v2\/pages\/1612"}],"wp:attachment":[{"href":"https:\/\/www.abileneteachersfcu.org\/es\/wp-json\/wp\/v2\/media?parent=1613"}],"curies":[{"name":"wp","href":"https:\/\/api.w.org\/{rel}","templated":true}]}}