{"id":1610,"date":"2024-07-26T10:34:14","date_gmt":"2024-07-26T15:34:14","guid":{"rendered":"https:\/\/www.abileneteachersfcu.org\/borrow-buy\/additional-loan-choices\/loan-discounts\/"},"modified":"2025-03-24T17:28:12","modified_gmt":"2025-03-24T22:28:12","slug":"descuentos-en-prestamos","status":"publish","type":"page","link":"https:\/\/www.abileneteachersfcu.org\/es\/prestamos-tarjetas-de-credito\/opciones-de-prestamos-adicionales\/descuentos-en-prestamos\/","title":{"rendered":"Descuentos en pr\u00e9stamos"},"content":{"rendered":"","protected":false},"excerpt":{"rendered":"","protected":false},"author":8,"featured_media":0,"parent":1607,"menu_order":0,"comment_status":"closed","ping_status":"closed","template":"","meta":{"_acf_changed":false,"_searchwp_excluded":"","footnotes":""},"class_list":["post-1610","page","type-page","status-publish","hentry"],"acf":[],"yoast_head":"<!-- This site is optimized with the Yoast SEO plugin v27.2 - https:\/\/yoast.com\/product\/yoast-seo-wordpress\/ -->\n<title>Loan Discounts - Abilene Teachers Federal Credit Union<\/title>\n<meta name=\"description\" content=\"Lower your monthly loan payment by choosing one or more of the interest rate discounts available at Abilene Teachers FCU.\" \/>\n<meta name=\"robots\" content=\"index, follow, max-snippet:-1, max-image-preview:large, max-video-preview:-1\" \/>\n<link rel=\"canonical\" href=\"https:\/\/www.abileneteachersfcu.org\/es\/prestamos-tarjetas-de-credito\/opciones-de-prestamos-adicionales\/descuentos-en-prestamos\/\" \/>\n<meta property=\"og:locale\" content=\"es_ES\" \/>\n<meta property=\"og:type\" content=\"article\" \/>\n<meta property=\"og:title\" content=\"Loan Discounts - Abilene Teachers Federal Credit Union\" \/>\n<meta property=\"og:description\" content=\"Lower your monthly loan payment by choosing one or more of the interest rate discounts available at Abilene Teachers FCU.\" \/>\n<meta property=\"og:url\" content=\"https:\/\/www.abileneteachersfcu.org\/es\/prestamos-tarjetas-de-credito\/opciones-de-prestamos-adicionales\/descuentos-en-prestamos\/\" \/>\n<meta property=\"og:site_name\" content=\"Abilene Teachers Federal Credit Union\" \/>\n<meta property=\"article:modified_time\" content=\"2025-03-24T22:28:12+00:00\" \/>\n<meta name=\"twitter:card\" content=\"summary_large_image\" \/>\n<meta name=\"twitter:label1\" content=\"Est. reading time\" \/>\n\t<meta name=\"twitter:data1\" content=\"2 minutos\" \/>\n<script type=\"application\/ld+json\" class=\"yoast-schema-graph\">{\"@context\":\"https:\/\/schema.org\",\"@graph\":[{\"@type\":\"WebPage\",\"@id\":\"https:\/\/www.abileneteachersfcu.org\/loans-credit-cards\/additional-loan-choices\/loan-discounts\/\",\"url\":\"https:\/\/www.abileneteachersfcu.org\/loans-credit-cards\/additional-loan-choices\/loan-discounts\/\",\"name\":\"Loan Discounts - Abilene Teachers Federal Credit Union\",\"isPartOf\":{\"@id\":\"https:\/\/www.abileneteachersfcu.org\/#website\"},\"datePublished\":\"2024-07-26T15:34:14+00:00\",\"dateModified\":\"2025-03-24T22:28:12+00:00\",\"description\":\"Lower your monthly loan payment by choosing one or more of the interest rate discounts available at Abilene Teachers FCU.\",\"breadcrumb\":{\"@id\":\"https:\/\/www.abileneteachersfcu.org\/loans-credit-cards\/additional-loan-choices\/loan-discounts\/#breadcrumb\"},\"inLanguage\":\"es-ES\",\"potentialAction\":[{\"@type\":\"ReadAction\",\"target\":[\"https:\/\/www.abileneteachersfcu.org\/loans-credit-cards\/additional-loan-choices\/loan-discounts\/\"]}]},{\"@type\":\"BreadcrumbList\",\"@id\":\"https:\/\/www.abileneteachersfcu.org\/loans-credit-cards\/additional-loan-choices\/loan-discounts\/#breadcrumb\",\"itemListElement\":[{\"@type\":\"ListItem\",\"position\":1,\"name\":\"Home\",\"item\":\"https:\/\/www.abileneteachersfcu.org\/\"},{\"@type\":\"ListItem\",\"position\":2,\"name\":\"Loans &#038; Credit Cards\",\"item\":\"https:\/\/www.abileneteachersfcu.org\/loans-credit-cards\/\"},{\"@type\":\"ListItem\",\"position\":3,\"name\":\"Additional Loan Choices\",\"item\":\"https:\/\/www.abileneteachersfcu.org\/loans-credit-cards\/additional-loan-choices\/\"},{\"@type\":\"ListItem\",\"position\":4,\"name\":\"Loan Discounts\"}]},{\"@type\":\"WebSite\",\"@id\":\"https:\/\/www.abileneteachersfcu.org\/#website\",\"url\":\"https:\/\/www.abileneteachersfcu.org\/\",\"name\":\"Abilene Teachers Federal Credit Union\",\"description\":\"\",\"potentialAction\":[{\"@type\":\"SearchAction\",\"target\":{\"@type\":\"EntryPoint\",\"urlTemplate\":\"https:\/\/www.abileneteachersfcu.org\/?s={search_term_string}\"},\"query-input\":{\"@type\":\"PropertyValueSpecification\",\"valueRequired\":true,\"valueName\":\"search_term_string\"}}],\"inLanguage\":\"es-ES\"}]}<\/script>\n<!-- \/ Yoast SEO plugin. -->","yoast_head_json":{"title":"Descuentos en pr\u00e9stamos - Abilene Teachers Federal Credit Union","description":"Reduzca el pago mensual de su pr\u00e9stamo eligiendo uno o m\u00e1s de los descuentos en tasas de inter\u00e9s disponibles en Abilene Teachers FCU.","robots":{"index":"index","follow":"follow","max-snippet":"max-snippet:-1","max-image-preview":"max-image-preview:large","max-video-preview":"max-video-preview:-1"},"canonical":"https:\/\/www.abileneteachersfcu.org\/es\/prestamos-tarjetas-de-credito\/opciones-de-prestamos-adicionales\/descuentos-en-prestamos\/","og_locale":"es_ES","og_type":"article","og_title":"Loan Discounts - Abilene Teachers Federal Credit Union","og_description":"Lower your monthly loan payment by choosing one or more of the interest rate discounts available at Abilene Teachers FCU.","og_url":"https:\/\/www.abileneteachersfcu.org\/es\/prestamos-tarjetas-de-credito\/opciones-de-prestamos-adicionales\/descuentos-en-prestamos\/","og_site_name":"Abilene Teachers Federal Credit Union","article_modified_time":"2025-03-24T22:28:12+00:00","twitter_card":"summary_large_image","twitter_misc":{"Est. reading time":"2 minutos"},"schema":{"@context":"https:\/\/schema.org","@graph":[{"@type":"WebPage","@id":"https:\/\/www.abileneteachersfcu.org\/loans-credit-cards\/additional-loan-choices\/loan-discounts\/","url":"https:\/\/www.abileneteachersfcu.org\/loans-credit-cards\/additional-loan-choices\/loan-discounts\/","name":"Descuentos en pr\u00e9stamos - Abilene Teachers Federal Credit Union","isPartOf":{"@id":"https:\/\/www.abileneteachersfcu.org\/#website"},"datePublished":"2024-07-26T15:34:14+00:00","dateModified":"2025-03-24T22:28:12+00:00","description":"Reduzca el pago mensual de su pr\u00e9stamo eligiendo uno o m\u00e1s de los descuentos en tasas de inter\u00e9s disponibles en Abilene Teachers FCU.","breadcrumb":{"@id":"https:\/\/www.abileneteachersfcu.org\/loans-credit-cards\/additional-loan-choices\/loan-discounts\/#breadcrumb"},"inLanguage":"es-ES","potentialAction":[{"@type":"ReadAction","target":["https:\/\/www.abileneteachersfcu.org\/loans-credit-cards\/additional-loan-choices\/loan-discounts\/"]}]},{"@type":"BreadcrumbList","@id":"https:\/\/www.abileneteachersfcu.org\/loans-credit-cards\/additional-loan-choices\/loan-discounts\/#breadcrumb","itemListElement":[{"@type":"ListItem","position":1,"name":"Home","item":"https:\/\/www.abileneteachersfcu.org\/"},{"@type":"ListItem","position":2,"name":"Loans &#038; Credit Cards","item":"https:\/\/www.abileneteachersfcu.org\/loans-credit-cards\/"},{"@type":"ListItem","position":3,"name":"Additional Loan Choices","item":"https:\/\/www.abileneteachersfcu.org\/loans-credit-cards\/additional-loan-choices\/"},{"@type":"ListItem","position":4,"name":"Loan Discounts"}]},{"@type":"WebSite","@id":"https:\/\/www.abileneteachersfcu.org\/#website","url":"https:\/\/www.abileneteachersfcu.org\/","name":"Cooperativa de cr\u00e9dito federal de maestros de Abilene","description":"","potentialAction":[{"@type":"SearchAction","target":{"@type":"EntryPoint","urlTemplate":"https:\/\/www.abileneteachersfcu.org\/?s={search_term_string}"},"query-input":{"@type":"PropertyValueSpecification","valueRequired":true,"valueName":"search_term_string"}}],"inLanguage":"es-ES"}]}},"_links":{"self":[{"href":"https:\/\/www.abileneteachersfcu.org\/es\/wp-json\/wp\/v2\/pages\/1610","targetHints":{"allow":["GET"]}}],"collection":[{"href":"https:\/\/www.abileneteachersfcu.org\/es\/wp-json\/wp\/v2\/pages"}],"about":[{"href":"https:\/\/www.abileneteachersfcu.org\/es\/wp-json\/wp\/v2\/types\/page"}],"author":[{"embeddable":true,"href":"https:\/\/www.abileneteachersfcu.org\/es\/wp-json\/wp\/v2\/users\/8"}],"replies":[{"embeddable":true,"href":"https:\/\/www.abileneteachersfcu.org\/es\/wp-json\/wp\/v2\/comments?post=1610"}],"version-history":[{"count":12,"href":"https:\/\/www.abileneteachersfcu.org\/es\/wp-json\/wp\/v2\/pages\/1610\/revisions"}],"predecessor-version":[{"id":8265,"href":"https:\/\/www.abileneteachersfcu.org\/es\/wp-json\/wp\/v2\/pages\/1610\/revisions\/8265"}],"up":[{"embeddable":true,"href":"https:\/\/www.abileneteachersfcu.org\/es\/wp-json\/wp\/v2\/pages\/1607"}],"wp:attachment":[{"href":"https:\/\/www.abileneteachersfcu.org\/es\/wp-json\/wp\/v2\/media?parent=1610"}],"curies":[{"name":"wp","href":"https:\/\/api.w.org\/{rel}","templated":true}]}}