{"id":1608,"date":"2024-07-24T14:36:20","date_gmt":"2024-07-24T19:36:20","guid":{"rendered":"https:\/\/www.abileneteachersfcu.org\/borrow-buy\/additional-loan-choices\/household-item\/"},"modified":"2025-01-21T10:44:19","modified_gmt":"2025-01-21T16:44:19","slug":"articulo-del-hogar","status":"publish","type":"page","link":"https:\/\/www.abileneteachersfcu.org\/es\/prestamos-tarjetas-de-credito\/opciones-de-prestamos-adicionales\/articulo-del-hogar\/","title":{"rendered":"Pr\u00e9stamos para art\u00edculos del hogar"},"content":{"rendered":"","protected":false},"excerpt":{"rendered":"","protected":false},"author":8,"featured_media":0,"parent":1607,"menu_order":0,"comment_status":"closed","ping_status":"closed","template":"","meta":{"_acf_changed":false,"_searchwp_excluded":"","footnotes":""},"class_list":["post-1608","page","type-page","status-publish","hentry"],"acf":[],"yoast_head":"<!-- This site is optimized with the Yoast SEO plugin v27.2 - https:\/\/yoast.com\/product\/yoast-seo-wordpress\/ -->\n<title>Household Item Loans - Abilene Teachers Federal Credit Union<\/title>\n<meta name=\"description\" content=\"Abilene Teachers FCU makes loans for appliances, computers, furniture, and musical instruments at rates that are lower than most credit cards\" \/>\n<meta name=\"robots\" content=\"index, follow, max-snippet:-1, max-image-preview:large, max-video-preview:-1\" \/>\n<link rel=\"canonical\" href=\"https:\/\/www.abileneteachersfcu.org\/es\/prestamos-tarjetas-de-credito\/opciones-de-prestamos-adicionales\/articulo-del-hogar\/\" \/>\n<meta property=\"og:locale\" content=\"es_ES\" \/>\n<meta property=\"og:type\" content=\"article\" \/>\n<meta property=\"og:title\" content=\"Household Item Loans - Abilene Teachers Federal Credit Union\" \/>\n<meta property=\"og:description\" content=\"Abilene Teachers FCU makes loans for appliances, computers, furniture, and musical instruments at rates that are lower than most credit cards\" \/>\n<meta property=\"og:url\" content=\"https:\/\/www.abileneteachersfcu.org\/es\/prestamos-tarjetas-de-credito\/opciones-de-prestamos-adicionales\/articulo-del-hogar\/\" \/>\n<meta property=\"og:site_name\" content=\"Abilene Teachers Federal Credit Union\" \/>\n<meta property=\"article:modified_time\" content=\"2025-01-21T16:44:19+00:00\" \/>\n<meta name=\"twitter:card\" content=\"summary_large_image\" \/>\n<meta name=\"twitter:label1\" content=\"Est. reading time\" \/>\n\t<meta name=\"twitter:data1\" content=\"2 minutos\" \/>\n<script type=\"application\/ld+json\" class=\"yoast-schema-graph\">{\"@context\":\"https:\/\/schema.org\",\"@graph\":[{\"@type\":\"WebPage\",\"@id\":\"https:\/\/www.abileneteachersfcu.org\/loans-credit-cards\/additional-loan-choices\/household-item\/\",\"url\":\"https:\/\/www.abileneteachersfcu.org\/loans-credit-cards\/additional-loan-choices\/household-item\/\",\"name\":\"Household Item Loans - Abilene Teachers Federal Credit Union\",\"isPartOf\":{\"@id\":\"https:\/\/www.abileneteachersfcu.org\/#website\"},\"datePublished\":\"2024-07-24T19:36:20+00:00\",\"dateModified\":\"2025-01-21T16:44:19+00:00\",\"description\":\"Abilene Teachers FCU makes loans for appliances, computers, furniture, and musical instruments at rates that are lower than most credit cards\",\"breadcrumb\":{\"@id\":\"https:\/\/www.abileneteachersfcu.org\/loans-credit-cards\/additional-loan-choices\/household-item\/#breadcrumb\"},\"inLanguage\":\"es-ES\",\"potentialAction\":[{\"@type\":\"ReadAction\",\"target\":[\"https:\/\/www.abileneteachersfcu.org\/loans-credit-cards\/additional-loan-choices\/household-item\/\"]}]},{\"@type\":\"BreadcrumbList\",\"@id\":\"https:\/\/www.abileneteachersfcu.org\/loans-credit-cards\/additional-loan-choices\/household-item\/#breadcrumb\",\"itemListElement\":[{\"@type\":\"ListItem\",\"position\":1,\"name\":\"Home\",\"item\":\"https:\/\/www.abileneteachersfcu.org\/\"},{\"@type\":\"ListItem\",\"position\":2,\"name\":\"Loans &#038; Credit Cards\",\"item\":\"https:\/\/www.abileneteachersfcu.org\/loans-credit-cards\/\"},{\"@type\":\"ListItem\",\"position\":3,\"name\":\"Additional Loan Choices\",\"item\":\"https:\/\/www.abileneteachersfcu.org\/loans-credit-cards\/additional-loan-choices\/\"},{\"@type\":\"ListItem\",\"position\":4,\"name\":\"Household Item Loans\"}]},{\"@type\":\"WebSite\",\"@id\":\"https:\/\/www.abileneteachersfcu.org\/#website\",\"url\":\"https:\/\/www.abileneteachersfcu.org\/\",\"name\":\"Abilene Teachers Federal Credit Union\",\"description\":\"\",\"potentialAction\":[{\"@type\":\"SearchAction\",\"target\":{\"@type\":\"EntryPoint\",\"urlTemplate\":\"https:\/\/www.abileneteachersfcu.org\/?s={search_term_string}\"},\"query-input\":{\"@type\":\"PropertyValueSpecification\",\"valueRequired\":true,\"valueName\":\"search_term_string\"}}],\"inLanguage\":\"es-ES\"}]}<\/script>\n<!-- \/ Yoast SEO plugin. -->","yoast_head_json":{"title":"Pr\u00e9stamos para art\u00edculos del hogar - Abilene Teachers Federal Credit Union","description":"Abilene Teachers FCU otorga pr\u00e9stamos para electrodom\u00e9sticos, computadoras, muebles e instrumentos musicales a tasas m\u00e1s bajas que la mayor\u00eda de las tarjetas de cr\u00e9dito.","robots":{"index":"index","follow":"follow","max-snippet":"max-snippet:-1","max-image-preview":"max-image-preview:large","max-video-preview":"max-video-preview:-1"},"canonical":"https:\/\/www.abileneteachersfcu.org\/es\/prestamos-tarjetas-de-credito\/opciones-de-prestamos-adicionales\/articulo-del-hogar\/","og_locale":"es_ES","og_type":"article","og_title":"Household Item Loans - Abilene Teachers Federal Credit Union","og_description":"Abilene Teachers FCU makes loans for appliances, computers, furniture, and musical instruments at rates that are lower than most credit cards","og_url":"https:\/\/www.abileneteachersfcu.org\/es\/prestamos-tarjetas-de-credito\/opciones-de-prestamos-adicionales\/articulo-del-hogar\/","og_site_name":"Abilene Teachers Federal Credit Union","article_modified_time":"2025-01-21T16:44:19+00:00","twitter_card":"summary_large_image","twitter_misc":{"Est. reading time":"2 minutos"},"schema":{"@context":"https:\/\/schema.org","@graph":[{"@type":"WebPage","@id":"https:\/\/www.abileneteachersfcu.org\/loans-credit-cards\/additional-loan-choices\/household-item\/","url":"https:\/\/www.abileneteachersfcu.org\/loans-credit-cards\/additional-loan-choices\/household-item\/","name":"Pr\u00e9stamos para art\u00edculos del hogar - Abilene Teachers Federal Credit Union","isPartOf":{"@id":"https:\/\/www.abileneteachersfcu.org\/#website"},"datePublished":"2024-07-24T19:36:20+00:00","dateModified":"2025-01-21T16:44:19+00:00","description":"Abilene Teachers FCU otorga pr\u00e9stamos para electrodom\u00e9sticos, computadoras, muebles e instrumentos musicales a tasas m\u00e1s bajas que la mayor\u00eda de las tarjetas de cr\u00e9dito.","breadcrumb":{"@id":"https:\/\/www.abileneteachersfcu.org\/loans-credit-cards\/additional-loan-choices\/household-item\/#breadcrumb"},"inLanguage":"es-ES","potentialAction":[{"@type":"ReadAction","target":["https:\/\/www.abileneteachersfcu.org\/loans-credit-cards\/additional-loan-choices\/household-item\/"]}]},{"@type":"BreadcrumbList","@id":"https:\/\/www.abileneteachersfcu.org\/loans-credit-cards\/additional-loan-choices\/household-item\/#breadcrumb","itemListElement":[{"@type":"ListItem","position":1,"name":"Home","item":"https:\/\/www.abileneteachersfcu.org\/"},{"@type":"ListItem","position":2,"name":"Loans &#038; Credit Cards","item":"https:\/\/www.abileneteachersfcu.org\/loans-credit-cards\/"},{"@type":"ListItem","position":3,"name":"Additional Loan Choices","item":"https:\/\/www.abileneteachersfcu.org\/loans-credit-cards\/additional-loan-choices\/"},{"@type":"ListItem","position":4,"name":"Household Item Loans"}]},{"@type":"WebSite","@id":"https:\/\/www.abileneteachersfcu.org\/#website","url":"https:\/\/www.abileneteachersfcu.org\/","name":"Cooperativa de cr\u00e9dito federal de maestros de Abilene","description":"","potentialAction":[{"@type":"SearchAction","target":{"@type":"EntryPoint","urlTemplate":"https:\/\/www.abileneteachersfcu.org\/?s={search_term_string}"},"query-input":{"@type":"PropertyValueSpecification","valueRequired":true,"valueName":"search_term_string"}}],"inLanguage":"es-ES"}]}},"_links":{"self":[{"href":"https:\/\/www.abileneteachersfcu.org\/es\/wp-json\/wp\/v2\/pages\/1608","targetHints":{"allow":["GET"]}}],"collection":[{"href":"https:\/\/www.abileneteachersfcu.org\/es\/wp-json\/wp\/v2\/pages"}],"about":[{"href":"https:\/\/www.abileneteachersfcu.org\/es\/wp-json\/wp\/v2\/types\/page"}],"author":[{"embeddable":true,"href":"https:\/\/www.abileneteachersfcu.org\/es\/wp-json\/wp\/v2\/users\/8"}],"replies":[{"embeddable":true,"href":"https:\/\/www.abileneteachersfcu.org\/es\/wp-json\/wp\/v2\/comments?post=1608"}],"version-history":[{"count":13,"href":"https:\/\/www.abileneteachersfcu.org\/es\/wp-json\/wp\/v2\/pages\/1608\/revisions"}],"predecessor-version":[{"id":8160,"href":"https:\/\/www.abileneteachersfcu.org\/es\/wp-json\/wp\/v2\/pages\/1608\/revisions\/8160"}],"up":[{"embeddable":true,"href":"https:\/\/www.abileneteachersfcu.org\/es\/wp-json\/wp\/v2\/pages\/1607"}],"wp:attachment":[{"href":"https:\/\/www.abileneteachersfcu.org\/es\/wp-json\/wp\/v2\/media?parent=1608"}],"curies":[{"name":"wp","href":"https:\/\/api.w.org\/{rel}","templated":true}]}}