{"id":1606,"date":"2024-08-20T11:53:10","date_gmt":"2024-08-20T16:53:10","guid":{"rendered":"https:\/\/www.abileneteachersfcu.org\/borrow-buy\/personal-loans\/credit-builder\/"},"modified":"2026-01-21T16:31:38","modified_gmt":"2026-01-21T22:31:38","slug":"generador-de-credito","status":"publish","type":"page","link":"https:\/\/www.abileneteachersfcu.org\/es\/prestamos-tarjetas-de-credito\/prestamos-personales\/generador-de-credito\/","title":{"rendered":"Pr\u00e9stamos para generar cr\u00e9dito"},"content":{"rendered":"","protected":false},"excerpt":{"rendered":"","protected":false},"author":8,"featured_media":7051,"parent":1602,"menu_order":0,"comment_status":"closed","ping_status":"closed","template":"","meta":{"_acf_changed":false,"_searchwp_excluded":"","footnotes":""},"class_list":["post-1606","page","type-page","status-publish","has-post-thumbnail","hentry"],"acf":[],"yoast_head":"<!-- This site is optimized with the Yoast SEO plugin v27.2 - https:\/\/yoast.com\/product\/yoast-seo-wordpress\/ -->\n<title>Credit Builder Loans - Abilene Teachers Federal Credit Union<\/title>\n<meta name=\"description\" content=\"Build or repair your credit with a credit builder loan. Get started today, pay on time and improve your credit score in six months.\" \/>\n<meta name=\"robots\" content=\"index, follow, max-snippet:-1, max-image-preview:large, max-video-preview:-1\" \/>\n<link rel=\"canonical\" href=\"https:\/\/www.abileneteachersfcu.org\/es\/prestamos-tarjetas-de-credito\/prestamos-personales\/generador-de-credito\/\" \/>\n<meta property=\"og:locale\" content=\"es_ES\" \/>\n<meta property=\"og:type\" content=\"article\" \/>\n<meta property=\"og:title\" content=\"Credit Builder Loans - Abilene Teachers Federal Credit Union\" \/>\n<meta property=\"og:description\" content=\"Build or repair your credit with a credit builder loan. Get started today, pay on time and improve your credit score in six months.\" \/>\n<meta property=\"og:url\" content=\"https:\/\/www.abileneteachersfcu.org\/es\/prestamos-tarjetas-de-credito\/prestamos-personales\/generador-de-credito\/\" \/>\n<meta property=\"og:site_name\" content=\"Abilene Teachers Federal Credit Union\" \/>\n<meta property=\"article:modified_time\" content=\"2026-01-21T22:31:38+00:00\" \/>\n<meta property=\"og:image\" content=\"https:\/\/www.abileneteachersfcu.org\/files\/Credit-Builder_large.jpg\" \/>\n\t<meta property=\"og:image:width\" content=\"924\" \/>\n\t<meta property=\"og:image:height\" content=\"689\" \/>\n\t<meta property=\"og:image:type\" content=\"image\/jpeg\" \/>\n<meta name=\"twitter:card\" content=\"summary_large_image\" \/>\n<meta name=\"twitter:label1\" content=\"Est. reading time\" \/>\n\t<meta name=\"twitter:data1\" content=\"2 minutos\" \/>\n<script type=\"application\/ld+json\" class=\"yoast-schema-graph\">{\"@context\":\"https:\/\/schema.org\",\"@graph\":[{\"@type\":\"WebPage\",\"@id\":\"https:\/\/www.abileneteachersfcu.org\/loans-credit-cards\/personal-loans\/credit-builder\/\",\"url\":\"https:\/\/www.abileneteachersfcu.org\/loans-credit-cards\/personal-loans\/credit-builder\/\",\"name\":\"Credit Builder Loans - Abilene Teachers Federal Credit Union\",\"isPartOf\":{\"@id\":\"https:\/\/www.abileneteachersfcu.org\/#website\"},\"primaryImageOfPage\":{\"@id\":\"https:\/\/www.abileneteachersfcu.org\/loans-credit-cards\/personal-loans\/credit-builder\/#primaryimage\"},\"image\":{\"@id\":\"https:\/\/www.abileneteachersfcu.org\/loans-credit-cards\/personal-loans\/credit-builder\/#primaryimage\"},\"thumbnailUrl\":\"https:\/\/www.abileneteachersfcu.org\/files\/Credit-Builder_large.jpg\",\"datePublished\":\"2024-08-20T16:53:10+00:00\",\"dateModified\":\"2026-01-21T22:31:38+00:00\",\"description\":\"Build or repair your credit with a credit builder loan. Get started today, pay on time and improve your credit score in six months.\",\"breadcrumb\":{\"@id\":\"https:\/\/www.abileneteachersfcu.org\/loans-credit-cards\/personal-loans\/credit-builder\/#breadcrumb\"},\"inLanguage\":\"es-ES\",\"potentialAction\":[{\"@type\":\"ReadAction\",\"target\":[\"https:\/\/www.abileneteachersfcu.org\/loans-credit-cards\/personal-loans\/credit-builder\/\"]}]},{\"@type\":\"ImageObject\",\"inLanguage\":\"es-ES\",\"@id\":\"https:\/\/www.abileneteachersfcu.org\/loans-credit-cards\/personal-loans\/credit-builder\/#primaryimage\",\"url\":\"https:\/\/www.abileneteachersfcu.org\/files\/Credit-Builder_large.jpg\",\"contentUrl\":\"https:\/\/www.abileneteachersfcu.org\/files\/Credit-Builder_large.jpg\",\"width\":924,\"height\":689,\"caption\":\"Wooden blocks stair stepping upwards against a green nature background\"},{\"@type\":\"BreadcrumbList\",\"@id\":\"https:\/\/www.abileneteachersfcu.org\/loans-credit-cards\/personal-loans\/credit-builder\/#breadcrumb\",\"itemListElement\":[{\"@type\":\"ListItem\",\"position\":1,\"name\":\"Home\",\"item\":\"https:\/\/www.abileneteachersfcu.org\/\"},{\"@type\":\"ListItem\",\"position\":2,\"name\":\"Loans &#038; Credit Cards\",\"item\":\"https:\/\/www.abileneteachersfcu.org\/loans-credit-cards\/\"},{\"@type\":\"ListItem\",\"position\":3,\"name\":\"Personal Loans\",\"item\":\"https:\/\/www.abileneteachersfcu.org\/loans-credit-cards\/personal-loans\/\"},{\"@type\":\"ListItem\",\"position\":4,\"name\":\"Credit Builder Loans\"}]},{\"@type\":\"WebSite\",\"@id\":\"https:\/\/www.abileneteachersfcu.org\/#website\",\"url\":\"https:\/\/www.abileneteachersfcu.org\/\",\"name\":\"Abilene Teachers Federal Credit Union\",\"description\":\"\",\"potentialAction\":[{\"@type\":\"SearchAction\",\"target\":{\"@type\":\"EntryPoint\",\"urlTemplate\":\"https:\/\/www.abileneteachersfcu.org\/?s={search_term_string}\"},\"query-input\":{\"@type\":\"PropertyValueSpecification\",\"valueRequired\":true,\"valueName\":\"search_term_string\"}}],\"inLanguage\":\"es-ES\"}]}<\/script>\n<!-- \/ Yoast SEO plugin. -->","yoast_head_json":{"title":"Pr\u00e9stamos para generar cr\u00e9dito - Abilene Teachers Federal Credit Union","description":"Construya o repare su cr\u00e9dito con un pr\u00e9stamo de creaci\u00f3n de cr\u00e9dito. Comience hoy, pague a tiempo y mejore su puntaje crediticio en seis meses.","robots":{"index":"index","follow":"follow","max-snippet":"max-snippet:-1","max-image-preview":"max-image-preview:large","max-video-preview":"max-video-preview:-1"},"canonical":"https:\/\/www.abileneteachersfcu.org\/es\/prestamos-tarjetas-de-credito\/prestamos-personales\/generador-de-credito\/","og_locale":"es_ES","og_type":"article","og_title":"Credit Builder Loans - Abilene Teachers Federal Credit Union","og_description":"Build or repair your credit with a credit builder loan. Get started today, pay on time and improve your credit score in six months.","og_url":"https:\/\/www.abileneteachersfcu.org\/es\/prestamos-tarjetas-de-credito\/prestamos-personales\/generador-de-credito\/","og_site_name":"Abilene Teachers Federal Credit Union","article_modified_time":"2026-01-21T22:31:38+00:00","og_image":[{"width":924,"height":689,"url":"https:\/\/www.abileneteachersfcu.org\/files\/Credit-Builder_large.jpg","type":"image\/jpeg"}],"twitter_card":"summary_large_image","twitter_misc":{"Est. reading time":"2 minutos"},"schema":{"@context":"https:\/\/schema.org","@graph":[{"@type":"WebPage","@id":"https:\/\/www.abileneteachersfcu.org\/loans-credit-cards\/personal-loans\/credit-builder\/","url":"https:\/\/www.abileneteachersfcu.org\/loans-credit-cards\/personal-loans\/credit-builder\/","name":"Pr\u00e9stamos para generar cr\u00e9dito - Abilene Teachers Federal Credit Union","isPartOf":{"@id":"https:\/\/www.abileneteachersfcu.org\/#website"},"primaryImageOfPage":{"@id":"https:\/\/www.abileneteachersfcu.org\/loans-credit-cards\/personal-loans\/credit-builder\/#primaryimage"},"image":{"@id":"https:\/\/www.abileneteachersfcu.org\/loans-credit-cards\/personal-loans\/credit-builder\/#primaryimage"},"thumbnailUrl":"https:\/\/www.abileneteachersfcu.org\/files\/Credit-Builder_large.jpg","datePublished":"2024-08-20T16:53:10+00:00","dateModified":"2026-01-21T22:31:38+00:00","description":"Construya o repare su cr\u00e9dito con un pr\u00e9stamo de creaci\u00f3n de cr\u00e9dito. Comience hoy, pague a tiempo y mejore su puntaje crediticio en seis meses.","breadcrumb":{"@id":"https:\/\/www.abileneteachersfcu.org\/loans-credit-cards\/personal-loans\/credit-builder\/#breadcrumb"},"inLanguage":"es-ES","potentialAction":[{"@type":"ReadAction","target":["https:\/\/www.abileneteachersfcu.org\/loans-credit-cards\/personal-loans\/credit-builder\/"]}]},{"@type":"ImageObject","inLanguage":"es-ES","@id":"https:\/\/www.abileneteachersfcu.org\/loans-credit-cards\/personal-loans\/credit-builder\/#primaryimage","url":"https:\/\/www.abileneteachersfcu.org\/files\/Credit-Builder_large.jpg","contentUrl":"https:\/\/www.abileneteachersfcu.org\/files\/Credit-Builder_large.jpg","width":924,"height":689,"caption":"Wooden blocks stair stepping upwards against a green nature background"},{"@type":"BreadcrumbList","@id":"https:\/\/www.abileneteachersfcu.org\/loans-credit-cards\/personal-loans\/credit-builder\/#breadcrumb","itemListElement":[{"@type":"ListItem","position":1,"name":"Home","item":"https:\/\/www.abileneteachersfcu.org\/"},{"@type":"ListItem","position":2,"name":"Loans &#038; Credit Cards","item":"https:\/\/www.abileneteachersfcu.org\/loans-credit-cards\/"},{"@type":"ListItem","position":3,"name":"Personal Loans","item":"https:\/\/www.abileneteachersfcu.org\/loans-credit-cards\/personal-loans\/"},{"@type":"ListItem","position":4,"name":"Credit Builder Loans"}]},{"@type":"WebSite","@id":"https:\/\/www.abileneteachersfcu.org\/#website","url":"https:\/\/www.abileneteachersfcu.org\/","name":"Cooperativa de cr\u00e9dito federal de maestros de Abilene","description":"","potentialAction":[{"@type":"SearchAction","target":{"@type":"EntryPoint","urlTemplate":"https:\/\/www.abileneteachersfcu.org\/?s={search_term_string}"},"query-input":{"@type":"PropertyValueSpecification","valueRequired":true,"valueName":"search_term_string"}}],"inLanguage":"es-ES"}]}},"_links":{"self":[{"href":"https:\/\/www.abileneteachersfcu.org\/es\/wp-json\/wp\/v2\/pages\/1606","targetHints":{"allow":["GET"]}}],"collection":[{"href":"https:\/\/www.abileneteachersfcu.org\/es\/wp-json\/wp\/v2\/pages"}],"about":[{"href":"https:\/\/www.abileneteachersfcu.org\/es\/wp-json\/wp\/v2\/types\/page"}],"author":[{"embeddable":true,"href":"https:\/\/www.abileneteachersfcu.org\/es\/wp-json\/wp\/v2\/users\/8"}],"replies":[{"embeddable":true,"href":"https:\/\/www.abileneteachersfcu.org\/es\/wp-json\/wp\/v2\/comments?post=1606"}],"version-history":[{"count":26,"href":"https:\/\/www.abileneteachersfcu.org\/es\/wp-json\/wp\/v2\/pages\/1606\/revisions"}],"predecessor-version":[{"id":9135,"href":"https:\/\/www.abileneteachersfcu.org\/es\/wp-json\/wp\/v2\/pages\/1606\/revisions\/9135"}],"up":[{"embeddable":true,"href":"https:\/\/www.abileneteachersfcu.org\/es\/wp-json\/wp\/v2\/pages\/1602"}],"wp:featuredmedia":[{"embeddable":true,"href":"https:\/\/www.abileneteachersfcu.org\/es\/wp-json\/wp\/v2\/media\/7051"}],"wp:attachment":[{"href":"https:\/\/www.abileneteachersfcu.org\/es\/wp-json\/wp\/v2\/media?parent=1606"}],"curies":[{"name":"wp","href":"https:\/\/api.w.org\/{rel}","templated":true}]}}