{"id":1603,"date":"2020-11-20T13:29:28","date_gmt":"2020-11-20T20:29:28","guid":{"rendered":"https:\/\/www.abileneteachersfcu.org\/borrow-buy\/personal-loans\/signature\/"},"modified":"2026-03-11T09:35:48","modified_gmt":"2026-03-11T14:35:48","slug":"firma","status":"publish","type":"page","link":"https:\/\/www.abileneteachersfcu.org\/es\/prestamos-tarjetas-de-credito\/prestamos-personales\/firma\/","title":{"rendered":"Pr\u00e9stamos a firma"},"content":{"rendered":"","protected":false},"excerpt":{"rendered":"","protected":false},"author":8,"featured_media":0,"parent":1602,"menu_order":0,"comment_status":"closed","ping_status":"closed","template":"","meta":{"_acf_changed":false,"_searchwp_excluded":"","footnotes":""},"class_list":["post-1603","page","type-page","status-publish","hentry"],"acf":[],"yoast_head":"<!-- This site is optimized with the Yoast SEO plugin v27.2 - https:\/\/yoast.com\/product\/yoast-seo-wordpress\/ -->\n<title>Signature Loans - Abilene Teachers Federal Credit Union<\/title>\n<meta name=\"description\" content=\"Life doesn&#039;t stick to a script. A signature loan helps navigate surprises. Rates are lower than payday lenders and most credit cards.\" \/>\n<meta name=\"robots\" content=\"index, follow, max-snippet:-1, max-image-preview:large, max-video-preview:-1\" \/>\n<link rel=\"canonical\" href=\"https:\/\/www.abileneteachersfcu.org\/es\/prestamos-tarjetas-de-credito\/prestamos-personales\/firma\/\" \/>\n<meta property=\"og:locale\" content=\"es_ES\" \/>\n<meta property=\"og:type\" content=\"article\" \/>\n<meta property=\"og:title\" content=\"Signature Loans - Abilene Teachers Federal Credit Union\" \/>\n<meta property=\"og:description\" content=\"Life doesn&#039;t stick to a script. A signature loan helps navigate surprises. Rates are lower than payday lenders and most credit cards.\" \/>\n<meta property=\"og:url\" content=\"https:\/\/www.abileneteachersfcu.org\/es\/prestamos-tarjetas-de-credito\/prestamos-personales\/firma\/\" \/>\n<meta property=\"og:site_name\" content=\"Abilene Teachers Federal Credit Union\" \/>\n<meta property=\"article:modified_time\" content=\"2026-03-11T14:35:48+00:00\" \/>\n<meta name=\"twitter:card\" content=\"summary_large_image\" \/>\n<meta name=\"twitter:label1\" content=\"Est. reading time\" \/>\n\t<meta name=\"twitter:data1\" content=\"2 minutos\" \/>\n<script type=\"application\/ld+json\" class=\"yoast-schema-graph\">{\"@context\":\"https:\/\/schema.org\",\"@graph\":[{\"@type\":\"WebPage\",\"@id\":\"https:\/\/www.abileneteachersfcu.org\/loans-credit-cards\/personal-loans\/signature\/\",\"url\":\"https:\/\/www.abileneteachersfcu.org\/loans-credit-cards\/personal-loans\/signature\/\",\"name\":\"Signature Loans - Abilene Teachers Federal Credit Union\",\"isPartOf\":{\"@id\":\"https:\/\/www.abileneteachersfcu.org\/#website\"},\"datePublished\":\"2020-11-20T20:29:28+00:00\",\"dateModified\":\"2026-03-11T14:35:48+00:00\",\"description\":\"Life doesn't stick to a script. A signature loan helps navigate surprises. Rates are lower than payday lenders and most credit cards.\",\"breadcrumb\":{\"@id\":\"https:\/\/www.abileneteachersfcu.org\/loans-credit-cards\/personal-loans\/signature\/#breadcrumb\"},\"inLanguage\":\"es-ES\",\"potentialAction\":[{\"@type\":\"ReadAction\",\"target\":[\"https:\/\/www.abileneteachersfcu.org\/loans-credit-cards\/personal-loans\/signature\/\"]}]},{\"@type\":\"BreadcrumbList\",\"@id\":\"https:\/\/www.abileneteachersfcu.org\/loans-credit-cards\/personal-loans\/signature\/#breadcrumb\",\"itemListElement\":[{\"@type\":\"ListItem\",\"position\":1,\"name\":\"Home\",\"item\":\"https:\/\/www.abileneteachersfcu.org\/\"},{\"@type\":\"ListItem\",\"position\":2,\"name\":\"Loans &#038; Credit Cards\",\"item\":\"https:\/\/www.abileneteachersfcu.org\/loans-credit-cards\/\"},{\"@type\":\"ListItem\",\"position\":3,\"name\":\"Personal Loans\",\"item\":\"https:\/\/www.abileneteachersfcu.org\/loans-credit-cards\/personal-loans\/\"},{\"@type\":\"ListItem\",\"position\":4,\"name\":\"Signature Loans\"}]},{\"@type\":\"WebSite\",\"@id\":\"https:\/\/www.abileneteachersfcu.org\/#website\",\"url\":\"https:\/\/www.abileneteachersfcu.org\/\",\"name\":\"Abilene Teachers Federal Credit Union\",\"description\":\"\",\"potentialAction\":[{\"@type\":\"SearchAction\",\"target\":{\"@type\":\"EntryPoint\",\"urlTemplate\":\"https:\/\/www.abileneteachersfcu.org\/?s={search_term_string}\"},\"query-input\":{\"@type\":\"PropertyValueSpecification\",\"valueRequired\":true,\"valueName\":\"search_term_string\"}}],\"inLanguage\":\"es-ES\"}]}<\/script>\n<!-- \/ Yoast SEO plugin. -->","yoast_head_json":{"title":"Pr\u00e9stamos exclusivos - Abilene Teachers Federal Credit Union","description":"La vida no sigue un gui\u00f3n. Un pr\u00e9stamo personal ayuda a sortear las sorpresas. Las tasas son m\u00e1s bajas que las de los prestamistas de d\u00eda de pago y la mayor\u00eda de las tarjetas de cr\u00e9dito.","robots":{"index":"index","follow":"follow","max-snippet":"max-snippet:-1","max-image-preview":"max-image-preview:large","max-video-preview":"max-video-preview:-1"},"canonical":"https:\/\/www.abileneteachersfcu.org\/es\/prestamos-tarjetas-de-credito\/prestamos-personales\/firma\/","og_locale":"es_ES","og_type":"article","og_title":"Signature Loans - Abilene Teachers Federal Credit Union","og_description":"Life doesn't stick to a script. A signature loan helps navigate surprises. Rates are lower than payday lenders and most credit cards.","og_url":"https:\/\/www.abileneteachersfcu.org\/es\/prestamos-tarjetas-de-credito\/prestamos-personales\/firma\/","og_site_name":"Abilene Teachers Federal Credit Union","article_modified_time":"2026-03-11T14:35:48+00:00","twitter_card":"summary_large_image","twitter_misc":{"Est. reading time":"2 minutos"},"schema":{"@context":"https:\/\/schema.org","@graph":[{"@type":"WebPage","@id":"https:\/\/www.abileneteachersfcu.org\/loans-credit-cards\/personal-loans\/signature\/","url":"https:\/\/www.abileneteachersfcu.org\/loans-credit-cards\/personal-loans\/signature\/","name":"Pr\u00e9stamos exclusivos - Abilene Teachers Federal Credit Union","isPartOf":{"@id":"https:\/\/www.abileneteachersfcu.org\/#website"},"datePublished":"2020-11-20T20:29:28+00:00","dateModified":"2026-03-11T14:35:48+00:00","description":"La vida no sigue un gui\u00f3n. Un pr\u00e9stamo personal ayuda a sortear las sorpresas. Las tasas son m\u00e1s bajas que las de los prestamistas de d\u00eda de pago y la mayor\u00eda de las tarjetas de cr\u00e9dito.","breadcrumb":{"@id":"https:\/\/www.abileneteachersfcu.org\/loans-credit-cards\/personal-loans\/signature\/#breadcrumb"},"inLanguage":"es-ES","potentialAction":[{"@type":"ReadAction","target":["https:\/\/www.abileneteachersfcu.org\/loans-credit-cards\/personal-loans\/signature\/"]}]},{"@type":"BreadcrumbList","@id":"https:\/\/www.abileneteachersfcu.org\/loans-credit-cards\/personal-loans\/signature\/#breadcrumb","itemListElement":[{"@type":"ListItem","position":1,"name":"Home","item":"https:\/\/www.abileneteachersfcu.org\/"},{"@type":"ListItem","position":2,"name":"Loans &#038; Credit Cards","item":"https:\/\/www.abileneteachersfcu.org\/loans-credit-cards\/"},{"@type":"ListItem","position":3,"name":"Personal Loans","item":"https:\/\/www.abileneteachersfcu.org\/loans-credit-cards\/personal-loans\/"},{"@type":"ListItem","position":4,"name":"Signature Loans"}]},{"@type":"WebSite","@id":"https:\/\/www.abileneteachersfcu.org\/#website","url":"https:\/\/www.abileneteachersfcu.org\/","name":"Cooperativa de cr\u00e9dito federal de maestros de Abilene","description":"","potentialAction":[{"@type":"SearchAction","target":{"@type":"EntryPoint","urlTemplate":"https:\/\/www.abileneteachersfcu.org\/?s={search_term_string}"},"query-input":{"@type":"PropertyValueSpecification","valueRequired":true,"valueName":"search_term_string"}}],"inLanguage":"es-ES"}]}},"_links":{"self":[{"href":"https:\/\/www.abileneteachersfcu.org\/es\/wp-json\/wp\/v2\/pages\/1603","targetHints":{"allow":["GET"]}}],"collection":[{"href":"https:\/\/www.abileneteachersfcu.org\/es\/wp-json\/wp\/v2\/pages"}],"about":[{"href":"https:\/\/www.abileneteachersfcu.org\/es\/wp-json\/wp\/v2\/types\/page"}],"author":[{"embeddable":true,"href":"https:\/\/www.abileneteachersfcu.org\/es\/wp-json\/wp\/v2\/users\/8"}],"replies":[{"embeddable":true,"href":"https:\/\/www.abileneteachersfcu.org\/es\/wp-json\/wp\/v2\/comments?post=1603"}],"version-history":[{"count":7,"href":"https:\/\/www.abileneteachersfcu.org\/es\/wp-json\/wp\/v2\/pages\/1603\/revisions"}],"predecessor-version":[{"id":9190,"href":"https:\/\/www.abileneteachersfcu.org\/es\/wp-json\/wp\/v2\/pages\/1603\/revisions\/9190"}],"up":[{"embeddable":true,"href":"https:\/\/www.abileneteachersfcu.org\/es\/wp-json\/wp\/v2\/pages\/1602"}],"wp:attachment":[{"href":"https:\/\/www.abileneteachersfcu.org\/es\/wp-json\/wp\/v2\/media?parent=1603"}],"curies":[{"name":"wp","href":"https:\/\/api.w.org\/{rel}","templated":true}]}}