{"id":1597,"date":"2024-07-23T10:23:53","date_gmt":"2024-07-23T15:23:53","guid":{"rendered":"https:\/\/www.abileneteachersfcu.org\/borrow-buy\/vehicle-loans\/motorcycles-atvs-trailers\/"},"modified":"2025-01-13T11:24:33","modified_gmt":"2025-01-13T17:24:33","slug":"motocicletas-vehiculos-todo-terreno-remolques","status":"publish","type":"page","link":"https:\/\/www.abileneteachersfcu.org\/es\/prestamos-tarjetas-de-credito\/prestamos-para-vehiculos\/motocicletas-vehiculos-todo-terreno-remolques\/","title":{"rendered":"Motocicletas, Cuatriciclos, Remolques"},"content":{"rendered":"","protected":false},"excerpt":{"rendered":"","protected":false},"author":8,"featured_media":0,"parent":1592,"menu_order":0,"comment_status":"closed","ping_status":"closed","template":"","meta":{"_acf_changed":false,"_searchwp_excluded":"","footnotes":""},"class_list":["post-1597","page","type-page","status-publish","hentry"],"acf":[],"yoast_head":"<!-- This site is optimized with the Yoast SEO plugin v27.2 - https:\/\/yoast.com\/product\/yoast-seo-wordpress\/ -->\n<title>Motorcycles, ATV&#039;s, Trailers - Abilene Teachers Federal Credit Union<\/title>\n<meta name=\"description\" content=\"Motorcycle, trailer, jet ski and ATV loans are available at Abilene Teachers FCU. If it drives or floats, we can probably finance it.\" \/>\n<meta name=\"robots\" content=\"index, follow, max-snippet:-1, max-image-preview:large, max-video-preview:-1\" \/>\n<link rel=\"canonical\" href=\"https:\/\/www.abileneteachersfcu.org\/es\/prestamos-tarjetas-de-credito\/prestamos-para-vehiculos\/motocicletas-vehiculos-todo-terreno-remolques\/\" \/>\n<meta property=\"og:locale\" content=\"es_ES\" \/>\n<meta property=\"og:type\" content=\"article\" \/>\n<meta property=\"og:title\" content=\"Motorcycles, ATV&#039;s, Trailers - Abilene Teachers Federal Credit Union\" \/>\n<meta property=\"og:description\" content=\"Motorcycle, trailer, jet ski and ATV loans are available at Abilene Teachers FCU. If it drives or floats, we can probably finance it.\" \/>\n<meta property=\"og:url\" content=\"https:\/\/www.abileneteachersfcu.org\/es\/prestamos-tarjetas-de-credito\/prestamos-para-vehiculos\/motocicletas-vehiculos-todo-terreno-remolques\/\" \/>\n<meta property=\"og:site_name\" content=\"Abilene Teachers Federal Credit Union\" \/>\n<meta property=\"article:modified_time\" content=\"2025-01-13T17:24:33+00:00\" \/>\n<meta name=\"twitter:card\" content=\"summary_large_image\" \/>\n<meta name=\"twitter:label1\" content=\"Est. reading time\" \/>\n\t<meta name=\"twitter:data1\" content=\"2 minutos\" \/>\n<script type=\"application\/ld+json\" class=\"yoast-schema-graph\">{\"@context\":\"https:\/\/schema.org\",\"@graph\":[{\"@type\":\"WebPage\",\"@id\":\"https:\/\/www.abileneteachersfcu.org\/loans-credit-cards\/vehicle-loans\/motorcycles-atvs-trailers\/\",\"url\":\"https:\/\/www.abileneteachersfcu.org\/loans-credit-cards\/vehicle-loans\/motorcycles-atvs-trailers\/\",\"name\":\"Motorcycles, ATV's, Trailers - Abilene Teachers Federal Credit Union\",\"isPartOf\":{\"@id\":\"https:\/\/www.abileneteachersfcu.org\/#website\"},\"datePublished\":\"2024-07-23T15:23:53+00:00\",\"dateModified\":\"2025-01-13T17:24:33+00:00\",\"description\":\"Motorcycle, trailer, jet ski and ATV loans are available at Abilene Teachers FCU. If it drives or floats, we can probably finance it.\",\"breadcrumb\":{\"@id\":\"https:\/\/www.abileneteachersfcu.org\/loans-credit-cards\/vehicle-loans\/motorcycles-atvs-trailers\/#breadcrumb\"},\"inLanguage\":\"es-ES\",\"potentialAction\":[{\"@type\":\"ReadAction\",\"target\":[\"https:\/\/www.abileneteachersfcu.org\/loans-credit-cards\/vehicle-loans\/motorcycles-atvs-trailers\/\"]}]},{\"@type\":\"BreadcrumbList\",\"@id\":\"https:\/\/www.abileneteachersfcu.org\/loans-credit-cards\/vehicle-loans\/motorcycles-atvs-trailers\/#breadcrumb\",\"itemListElement\":[{\"@type\":\"ListItem\",\"position\":1,\"name\":\"Home\",\"item\":\"https:\/\/www.abileneteachersfcu.org\/\"},{\"@type\":\"ListItem\",\"position\":2,\"name\":\"Loans &#038; Credit Cards\",\"item\":\"https:\/\/www.abileneteachersfcu.org\/loans-credit-cards\/\"},{\"@type\":\"ListItem\",\"position\":3,\"name\":\"Auto Loans\",\"item\":\"https:\/\/www.abileneteachersfcu.org\/loans-credit-cards\/vehicle-loans\/\"},{\"@type\":\"ListItem\",\"position\":4,\"name\":\"Motorcycles, ATV&#8217;s, Trailers\"}]},{\"@type\":\"WebSite\",\"@id\":\"https:\/\/www.abileneteachersfcu.org\/#website\",\"url\":\"https:\/\/www.abileneteachersfcu.org\/\",\"name\":\"Abilene Teachers Federal Credit Union\",\"description\":\"\",\"potentialAction\":[{\"@type\":\"SearchAction\",\"target\":{\"@type\":\"EntryPoint\",\"urlTemplate\":\"https:\/\/www.abileneteachersfcu.org\/?s={search_term_string}\"},\"query-input\":{\"@type\":\"PropertyValueSpecification\",\"valueRequired\":true,\"valueName\":\"search_term_string\"}}],\"inLanguage\":\"es-ES\"}]}<\/script>\n<!-- \/ Yoast SEO plugin. -->","yoast_head_json":{"title":"Motocicletas, veh\u00edculos todo terreno, remolques - Abilene Teachers Federal Credit Union","description":"Pr\u00e9stamos para motocicletas, remolques, motos acu\u00e1ticas y veh\u00edculos todo terreno est\u00e1n disponibles en Abilene Teachers FCU. Si se mueve o flota, probablemente podamos financiarlo.","robots":{"index":"index","follow":"follow","max-snippet":"max-snippet:-1","max-image-preview":"max-image-preview:large","max-video-preview":"max-video-preview:-1"},"canonical":"https:\/\/www.abileneteachersfcu.org\/es\/prestamos-tarjetas-de-credito\/prestamos-para-vehiculos\/motocicletas-vehiculos-todo-terreno-remolques\/","og_locale":"es_ES","og_type":"article","og_title":"Motorcycles, ATV's, Trailers - Abilene Teachers Federal Credit Union","og_description":"Motorcycle, trailer, jet ski and ATV loans are available at Abilene Teachers FCU. If it drives or floats, we can probably finance it.","og_url":"https:\/\/www.abileneteachersfcu.org\/es\/prestamos-tarjetas-de-credito\/prestamos-para-vehiculos\/motocicletas-vehiculos-todo-terreno-remolques\/","og_site_name":"Abilene Teachers Federal Credit Union","article_modified_time":"2025-01-13T17:24:33+00:00","twitter_card":"summary_large_image","twitter_misc":{"Est. reading time":"2 minutos"},"schema":{"@context":"https:\/\/schema.org","@graph":[{"@type":"WebPage","@id":"https:\/\/www.abileneteachersfcu.org\/loans-credit-cards\/vehicle-loans\/motorcycles-atvs-trailers\/","url":"https:\/\/www.abileneteachersfcu.org\/loans-credit-cards\/vehicle-loans\/motorcycles-atvs-trailers\/","name":"Motocicletas, veh\u00edculos todo terreno, remolques - Abilene Teachers Federal Credit Union","isPartOf":{"@id":"https:\/\/www.abileneteachersfcu.org\/#website"},"datePublished":"2024-07-23T15:23:53+00:00","dateModified":"2025-01-13T17:24:33+00:00","description":"Pr\u00e9stamos para motocicletas, remolques, motos acu\u00e1ticas y veh\u00edculos todo terreno est\u00e1n disponibles en Abilene Teachers FCU. Si se mueve o flota, probablemente podamos financiarlo.","breadcrumb":{"@id":"https:\/\/www.abileneteachersfcu.org\/loans-credit-cards\/vehicle-loans\/motorcycles-atvs-trailers\/#breadcrumb"},"inLanguage":"es-ES","potentialAction":[{"@type":"ReadAction","target":["https:\/\/www.abileneteachersfcu.org\/loans-credit-cards\/vehicle-loans\/motorcycles-atvs-trailers\/"]}]},{"@type":"BreadcrumbList","@id":"https:\/\/www.abileneteachersfcu.org\/loans-credit-cards\/vehicle-loans\/motorcycles-atvs-trailers\/#breadcrumb","itemListElement":[{"@type":"ListItem","position":1,"name":"Home","item":"https:\/\/www.abileneteachersfcu.org\/"},{"@type":"ListItem","position":2,"name":"Loans &#038; Credit Cards","item":"https:\/\/www.abileneteachersfcu.org\/loans-credit-cards\/"},{"@type":"ListItem","position":3,"name":"Auto Loans","item":"https:\/\/www.abileneteachersfcu.org\/loans-credit-cards\/vehicle-loans\/"},{"@type":"ListItem","position":4,"name":"Motorcycles, ATV&#8217;s, Trailers"}]},{"@type":"WebSite","@id":"https:\/\/www.abileneteachersfcu.org\/#website","url":"https:\/\/www.abileneteachersfcu.org\/","name":"Cooperativa de cr\u00e9dito federal de maestros de Abilene","description":"","potentialAction":[{"@type":"SearchAction","target":{"@type":"EntryPoint","urlTemplate":"https:\/\/www.abileneteachersfcu.org\/?s={search_term_string}"},"query-input":{"@type":"PropertyValueSpecification","valueRequired":true,"valueName":"search_term_string"}}],"inLanguage":"es-ES"}]}},"_links":{"self":[{"href":"https:\/\/www.abileneteachersfcu.org\/es\/wp-json\/wp\/v2\/pages\/1597","targetHints":{"allow":["GET"]}}],"collection":[{"href":"https:\/\/www.abileneteachersfcu.org\/es\/wp-json\/wp\/v2\/pages"}],"about":[{"href":"https:\/\/www.abileneteachersfcu.org\/es\/wp-json\/wp\/v2\/types\/page"}],"author":[{"embeddable":true,"href":"https:\/\/www.abileneteachersfcu.org\/es\/wp-json\/wp\/v2\/users\/8"}],"replies":[{"embeddable":true,"href":"https:\/\/www.abileneteachersfcu.org\/es\/wp-json\/wp\/v2\/comments?post=1597"}],"version-history":[{"count":9,"href":"https:\/\/www.abileneteachersfcu.org\/es\/wp-json\/wp\/v2\/pages\/1597\/revisions"}],"predecessor-version":[{"id":8134,"href":"https:\/\/www.abileneteachersfcu.org\/es\/wp-json\/wp\/v2\/pages\/1597\/revisions\/8134"}],"up":[{"embeddable":true,"href":"https:\/\/www.abileneteachersfcu.org\/es\/wp-json\/wp\/v2\/pages\/1592"}],"wp:attachment":[{"href":"https:\/\/www.abileneteachersfcu.org\/es\/wp-json\/wp\/v2\/media?parent=1597"}],"curies":[{"name":"wp","href":"https:\/\/api.w.org\/{rel}","templated":true}]}}