{"id":1595,"date":"2025-07-21T16:51:57","date_gmt":"2025-07-21T21:51:57","guid":{"rendered":"https:\/\/www.abileneteachersfcu.org\/borrow-buy\/vehicle-loans\/auto-refinance\/"},"modified":"2025-07-21T16:51:58","modified_gmt":"2025-07-21T21:51:58","slug":"refinanciamiento-automatico","status":"publish","type":"page","link":"https:\/\/www.abileneteachersfcu.org\/es\/prestamos-tarjetas-de-credito\/prestamos-para-vehiculos\/refinanciamiento-automatico\/","title":{"rendered":"Refinanciamiento autom\u00e1tico"},"content":{"rendered":"","protected":false},"excerpt":{"rendered":"","protected":false},"author":8,"featured_media":0,"parent":1592,"menu_order":0,"comment_status":"closed","ping_status":"closed","template":"","meta":{"_acf_changed":false,"_searchwp_excluded":"","footnotes":""},"class_list":["post-1595","page","type-page","status-publish","hentry"],"acf":[],"yoast_head":"<!-- This site is optimized with the Yoast SEO plugin v27.2 - https:\/\/yoast.com\/product\/yoast-seo-wordpress\/ -->\n<title>Auto Refinance - Abilene Teachers Federal Credit Union<\/title>\n<meta name=\"description\" content=\"Don&#039;t stay locked into a high-interest auto loan. Refinancing at ATFCU may lower monthly payments and save you significant money.\" \/>\n<meta name=\"robots\" content=\"index, follow, max-snippet:-1, max-image-preview:large, max-video-preview:-1\" \/>\n<link rel=\"canonical\" href=\"https:\/\/www.abileneteachersfcu.org\/es\/prestamos-tarjetas-de-credito\/prestamos-para-vehiculos\/refinanciamiento-automatico\/\" \/>\n<meta property=\"og:locale\" content=\"es_ES\" \/>\n<meta property=\"og:type\" content=\"article\" \/>\n<meta property=\"og:title\" content=\"Auto Refinance - Abilene Teachers Federal Credit Union\" \/>\n<meta property=\"og:description\" content=\"Don&#039;t stay locked into a high-interest auto loan. Refinancing at ATFCU may lower monthly payments and save you significant money.\" \/>\n<meta property=\"og:url\" content=\"https:\/\/www.abileneteachersfcu.org\/es\/prestamos-tarjetas-de-credito\/prestamos-para-vehiculos\/refinanciamiento-automatico\/\" \/>\n<meta property=\"og:site_name\" content=\"Abilene Teachers Federal Credit Union\" \/>\n<meta property=\"article:modified_time\" content=\"2025-07-21T21:51:58+00:00\" \/>\n<meta name=\"twitter:card\" content=\"summary_large_image\" \/>\n<meta name=\"twitter:label1\" content=\"Est. reading time\" \/>\n\t<meta name=\"twitter:data1\" content=\"4 minutos\" \/>\n<script type=\"application\/ld+json\" class=\"yoast-schema-graph\">{\"@context\":\"https:\/\/schema.org\",\"@graph\":[{\"@type\":\"WebPage\",\"@id\":\"https:\/\/www.abileneteachersfcu.org\/loans-credit-cards\/vehicle-loans\/auto-refinance\/\",\"url\":\"https:\/\/www.abileneteachersfcu.org\/loans-credit-cards\/vehicle-loans\/auto-refinance\/\",\"name\":\"Auto Refinance - Abilene Teachers Federal Credit Union\",\"isPartOf\":{\"@id\":\"https:\/\/www.abileneteachersfcu.org\/#website\"},\"datePublished\":\"2025-07-21T21:51:57+00:00\",\"dateModified\":\"2025-07-21T21:51:58+00:00\",\"description\":\"Don't stay locked into a high-interest auto loan. Refinancing at ATFCU may lower monthly payments and save you significant money.\",\"breadcrumb\":{\"@id\":\"https:\/\/www.abileneteachersfcu.org\/loans-credit-cards\/vehicle-loans\/auto-refinance\/#breadcrumb\"},\"inLanguage\":\"es-ES\",\"potentialAction\":[{\"@type\":\"ReadAction\",\"target\":[\"https:\/\/www.abileneteachersfcu.org\/loans-credit-cards\/vehicle-loans\/auto-refinance\/\"]}]},{\"@type\":\"BreadcrumbList\",\"@id\":\"https:\/\/www.abileneteachersfcu.org\/loans-credit-cards\/vehicle-loans\/auto-refinance\/#breadcrumb\",\"itemListElement\":[{\"@type\":\"ListItem\",\"position\":1,\"name\":\"Home\",\"item\":\"https:\/\/www.abileneteachersfcu.org\/\"},{\"@type\":\"ListItem\",\"position\":2,\"name\":\"Loans &#038; Credit Cards\",\"item\":\"https:\/\/www.abileneteachersfcu.org\/loans-credit-cards\/\"},{\"@type\":\"ListItem\",\"position\":3,\"name\":\"Auto Loans\",\"item\":\"https:\/\/www.abileneteachersfcu.org\/loans-credit-cards\/vehicle-loans\/\"},{\"@type\":\"ListItem\",\"position\":4,\"name\":\"Auto Refinance\"}]},{\"@type\":\"WebSite\",\"@id\":\"https:\/\/www.abileneteachersfcu.org\/#website\",\"url\":\"https:\/\/www.abileneteachersfcu.org\/\",\"name\":\"Abilene Teachers Federal Credit Union\",\"description\":\"\",\"potentialAction\":[{\"@type\":\"SearchAction\",\"target\":{\"@type\":\"EntryPoint\",\"urlTemplate\":\"https:\/\/www.abileneteachersfcu.org\/?s={search_term_string}\"},\"query-input\":{\"@type\":\"PropertyValueSpecification\",\"valueRequired\":true,\"valueName\":\"search_term_string\"}}],\"inLanguage\":\"es-ES\"}]}<\/script>\n<!-- \/ Yoast SEO plugin. -->","yoast_head_json":{"title":"Refinanciamiento de autom\u00f3viles - Abilene Teachers Federal Credit Union","description":"No se quede atrapado en un pr\u00e9stamo para autom\u00f3vil con intereses altos. La refinanciaci\u00f3n en ATFCU puede reducir los pagos mensuales y ahorrarle una cantidad significativa de dinero.","robots":{"index":"index","follow":"follow","max-snippet":"max-snippet:-1","max-image-preview":"max-image-preview:large","max-video-preview":"max-video-preview:-1"},"canonical":"https:\/\/www.abileneteachersfcu.org\/es\/prestamos-tarjetas-de-credito\/prestamos-para-vehiculos\/refinanciamiento-automatico\/","og_locale":"es_ES","og_type":"article","og_title":"Auto Refinance - Abilene Teachers Federal Credit Union","og_description":"Don't stay locked into a high-interest auto loan. Refinancing at ATFCU may lower monthly payments and save you significant money.","og_url":"https:\/\/www.abileneteachersfcu.org\/es\/prestamos-tarjetas-de-credito\/prestamos-para-vehiculos\/refinanciamiento-automatico\/","og_site_name":"Abilene Teachers Federal Credit Union","article_modified_time":"2025-07-21T21:51:58+00:00","twitter_card":"summary_large_image","twitter_misc":{"Est. reading time":"4 minutos"},"schema":{"@context":"https:\/\/schema.org","@graph":[{"@type":"WebPage","@id":"https:\/\/www.abileneteachersfcu.org\/loans-credit-cards\/vehicle-loans\/auto-refinance\/","url":"https:\/\/www.abileneteachersfcu.org\/loans-credit-cards\/vehicle-loans\/auto-refinance\/","name":"Refinanciamiento de autom\u00f3viles - Abilene Teachers Federal Credit Union","isPartOf":{"@id":"https:\/\/www.abileneteachersfcu.org\/#website"},"datePublished":"2025-07-21T21:51:57+00:00","dateModified":"2025-07-21T21:51:58+00:00","description":"No se quede atrapado en un pr\u00e9stamo para autom\u00f3vil con intereses altos. La refinanciaci\u00f3n en ATFCU puede reducir los pagos mensuales y ahorrarle una cantidad significativa de dinero.","breadcrumb":{"@id":"https:\/\/www.abileneteachersfcu.org\/loans-credit-cards\/vehicle-loans\/auto-refinance\/#breadcrumb"},"inLanguage":"es-ES","potentialAction":[{"@type":"ReadAction","target":["https:\/\/www.abileneteachersfcu.org\/loans-credit-cards\/vehicle-loans\/auto-refinance\/"]}]},{"@type":"BreadcrumbList","@id":"https:\/\/www.abileneteachersfcu.org\/loans-credit-cards\/vehicle-loans\/auto-refinance\/#breadcrumb","itemListElement":[{"@type":"ListItem","position":1,"name":"Home","item":"https:\/\/www.abileneteachersfcu.org\/"},{"@type":"ListItem","position":2,"name":"Loans &#038; Credit Cards","item":"https:\/\/www.abileneteachersfcu.org\/loans-credit-cards\/"},{"@type":"ListItem","position":3,"name":"Auto Loans","item":"https:\/\/www.abileneteachersfcu.org\/loans-credit-cards\/vehicle-loans\/"},{"@type":"ListItem","position":4,"name":"Auto Refinance"}]},{"@type":"WebSite","@id":"https:\/\/www.abileneteachersfcu.org\/#website","url":"https:\/\/www.abileneteachersfcu.org\/","name":"Cooperativa de cr\u00e9dito federal de maestros de Abilene","description":"","potentialAction":[{"@type":"SearchAction","target":{"@type":"EntryPoint","urlTemplate":"https:\/\/www.abileneteachersfcu.org\/?s={search_term_string}"},"query-input":{"@type":"PropertyValueSpecification","valueRequired":true,"valueName":"search_term_string"}}],"inLanguage":"es-ES"}]}},"_links":{"self":[{"href":"https:\/\/www.abileneteachersfcu.org\/es\/wp-json\/wp\/v2\/pages\/1595","targetHints":{"allow":["GET"]}}],"collection":[{"href":"https:\/\/www.abileneteachersfcu.org\/es\/wp-json\/wp\/v2\/pages"}],"about":[{"href":"https:\/\/www.abileneteachersfcu.org\/es\/wp-json\/wp\/v2\/types\/page"}],"author":[{"embeddable":true,"href":"https:\/\/www.abileneteachersfcu.org\/es\/wp-json\/wp\/v2\/users\/8"}],"replies":[{"embeddable":true,"href":"https:\/\/www.abileneteachersfcu.org\/es\/wp-json\/wp\/v2\/comments?post=1595"}],"version-history":[{"count":21,"href":"https:\/\/www.abileneteachersfcu.org\/es\/wp-json\/wp\/v2\/pages\/1595\/revisions"}],"predecessor-version":[{"id":8688,"href":"https:\/\/www.abileneteachersfcu.org\/es\/wp-json\/wp\/v2\/pages\/1595\/revisions\/8688"}],"up":[{"embeddable":true,"href":"https:\/\/www.abileneteachersfcu.org\/es\/wp-json\/wp\/v2\/pages\/1592"}],"wp:attachment":[{"href":"https:\/\/www.abileneteachersfcu.org\/es\/wp-json\/wp\/v2\/media?parent=1595"}],"curies":[{"name":"wp","href":"https:\/\/api.w.org\/{rel}","templated":true}]}}