{"id":1586,"date":"2025-05-20T14:22:05","date_gmt":"2025-05-20T19:22:05","guid":{"rendered":"https:\/\/www.abileneteachersfcu.org\/save-spend\/digital-banking\/"},"modified":"2026-01-21T17:12:08","modified_gmt":"2026-01-21T23:12:08","slug":"banca-digital","status":"publish","type":"page","link":"https:\/\/www.abileneteachersfcu.org\/es\/consejos-sobre-herramientas\/banca-digital\/","title":{"rendered":"Banca Digital (Banca M\u00f3vil y En L\u00ednea)"},"content":{"rendered":"","protected":false},"excerpt":{"rendered":"","protected":false},"author":8,"featured_media":0,"parent":1622,"menu_order":0,"comment_status":"closed","ping_status":"closed","template":"","meta":{"_acf_changed":false,"_searchwp_excluded":"","footnotes":""},"class_list":["post-1586","page","type-page","status-publish","hentry"],"acf":[],"yoast_head":"<!-- This site is optimized with the Yoast SEO plugin v27.2 - https:\/\/yoast.com\/product\/yoast-seo-wordpress\/ -->\n<title>Digital Banking (Mobile &amp; Online Banking) - Abilene Teachers Federal Credit Union<\/title>\n<meta name=\"description\" content=\"Conduct transactions on your schedule using our digital banking tools. Check balances, transfer money, deposit checks and much more.\" \/>\n<meta name=\"robots\" content=\"index, follow, max-snippet:-1, max-image-preview:large, max-video-preview:-1\" \/>\n<link rel=\"canonical\" href=\"https:\/\/www.abileneteachersfcu.org\/es\/consejos-sobre-herramientas\/banca-digital\/\" \/>\n<meta property=\"og:locale\" content=\"es_ES\" \/>\n<meta property=\"og:type\" content=\"article\" \/>\n<meta property=\"og:title\" content=\"Digital Banking (Mobile &amp; Online Banking) - Abilene Teachers Federal Credit Union\" \/>\n<meta property=\"og:description\" content=\"Conduct transactions on your schedule using our digital banking tools. Check balances, transfer money, deposit checks and much more.\" \/>\n<meta property=\"og:url\" content=\"https:\/\/www.abileneteachersfcu.org\/es\/consejos-sobre-herramientas\/banca-digital\/\" \/>\n<meta property=\"og:site_name\" content=\"Abilene Teachers Federal Credit Union\" \/>\n<meta property=\"article:modified_time\" content=\"2026-01-21T23:12:08+00:00\" \/>\n<meta name=\"twitter:card\" content=\"summary_large_image\" \/>\n<meta name=\"twitter:label1\" content=\"Est. reading time\" \/>\n\t<meta name=\"twitter:data1\" content=\"5 minutos\" \/>\n<script type=\"application\/ld+json\" class=\"yoast-schema-graph\">{\"@context\":\"https:\/\/schema.org\",\"@graph\":[{\"@type\":\"WebPage\",\"@id\":\"https:\/\/www.abileneteachersfcu.org\/tools-advice\/digital-banking\/\",\"url\":\"https:\/\/www.abileneteachersfcu.org\/tools-advice\/digital-banking\/\",\"name\":\"Digital Banking (Mobile & Online Banking) - Abilene Teachers Federal Credit Union\",\"isPartOf\":{\"@id\":\"https:\/\/www.abileneteachersfcu.org\/#website\"},\"datePublished\":\"2025-05-20T19:22:05+00:00\",\"dateModified\":\"2026-01-21T23:12:08+00:00\",\"description\":\"Conduct transactions on your schedule using our digital banking tools. Check balances, transfer money, deposit checks and much more.\",\"breadcrumb\":{\"@id\":\"https:\/\/www.abileneteachersfcu.org\/tools-advice\/digital-banking\/#breadcrumb\"},\"inLanguage\":\"es-ES\",\"potentialAction\":[{\"@type\":\"ReadAction\",\"target\":[\"https:\/\/www.abileneteachersfcu.org\/tools-advice\/digital-banking\/\"]}]},{\"@type\":\"BreadcrumbList\",\"@id\":\"https:\/\/www.abileneteachersfcu.org\/tools-advice\/digital-banking\/#breadcrumb\",\"itemListElement\":[{\"@type\":\"ListItem\",\"position\":1,\"name\":\"Home\",\"item\":\"https:\/\/www.abileneteachersfcu.org\/\"},{\"@type\":\"ListItem\",\"position\":2,\"name\":\"Tools &#038; Advice\",\"item\":\"https:\/\/www.abileneteachersfcu.org\/tools-advice\/\"},{\"@type\":\"ListItem\",\"position\":3,\"name\":\"Digital Banking (Mobile &#038; Online Banking)\"}]},{\"@type\":\"WebSite\",\"@id\":\"https:\/\/www.abileneteachersfcu.org\/#website\",\"url\":\"https:\/\/www.abileneteachersfcu.org\/\",\"name\":\"Abilene Teachers Federal Credit Union\",\"description\":\"\",\"potentialAction\":[{\"@type\":\"SearchAction\",\"target\":{\"@type\":\"EntryPoint\",\"urlTemplate\":\"https:\/\/www.abileneteachersfcu.org\/?s={search_term_string}\"},\"query-input\":{\"@type\":\"PropertyValueSpecification\",\"valueRequired\":true,\"valueName\":\"search_term_string\"}}],\"inLanguage\":\"es-ES\"}]}<\/script>\n<!-- \/ Yoast SEO plugin. -->","yoast_head_json":{"title":"Banca digital (banca m\u00f3vil y en l\u00ednea) - Abilene Teachers Federal Credit Union","description":"Realice transacciones seg\u00fan sus horarios utilizando nuestras herramientas de banca digital. Consulte saldos, transfiera dinero, deposite cheques y mucho m\u00e1s.","robots":{"index":"index","follow":"follow","max-snippet":"max-snippet:-1","max-image-preview":"max-image-preview:large","max-video-preview":"max-video-preview:-1"},"canonical":"https:\/\/www.abileneteachersfcu.org\/es\/consejos-sobre-herramientas\/banca-digital\/","og_locale":"es_ES","og_type":"article","og_title":"Digital Banking (Mobile & Online Banking) - Abilene Teachers Federal Credit Union","og_description":"Conduct transactions on your schedule using our digital banking tools. Check balances, transfer money, deposit checks and much more.","og_url":"https:\/\/www.abileneteachersfcu.org\/es\/consejos-sobre-herramientas\/banca-digital\/","og_site_name":"Abilene Teachers Federal Credit Union","article_modified_time":"2026-01-21T23:12:08+00:00","twitter_card":"summary_large_image","twitter_misc":{"Est. reading time":"5 minutos"},"schema":{"@context":"https:\/\/schema.org","@graph":[{"@type":"WebPage","@id":"https:\/\/www.abileneteachersfcu.org\/tools-advice\/digital-banking\/","url":"https:\/\/www.abileneteachersfcu.org\/tools-advice\/digital-banking\/","name":"Banca digital (banca m\u00f3vil y en l\u00ednea) - Abilene Teachers Federal Credit Union","isPartOf":{"@id":"https:\/\/www.abileneteachersfcu.org\/#website"},"datePublished":"2025-05-20T19:22:05+00:00","dateModified":"2026-01-21T23:12:08+00:00","description":"Realice transacciones seg\u00fan sus horarios utilizando nuestras herramientas de banca digital. Consulte saldos, transfiera dinero, deposite cheques y mucho m\u00e1s.","breadcrumb":{"@id":"https:\/\/www.abileneteachersfcu.org\/tools-advice\/digital-banking\/#breadcrumb"},"inLanguage":"es-ES","potentialAction":[{"@type":"ReadAction","target":["https:\/\/www.abileneteachersfcu.org\/tools-advice\/digital-banking\/"]}]},{"@type":"BreadcrumbList","@id":"https:\/\/www.abileneteachersfcu.org\/tools-advice\/digital-banking\/#breadcrumb","itemListElement":[{"@type":"ListItem","position":1,"name":"Home","item":"https:\/\/www.abileneteachersfcu.org\/"},{"@type":"ListItem","position":2,"name":"Tools &#038; Advice","item":"https:\/\/www.abileneteachersfcu.org\/tools-advice\/"},{"@type":"ListItem","position":3,"name":"Digital Banking (Mobile &#038; Online Banking)"}]},{"@type":"WebSite","@id":"https:\/\/www.abileneteachersfcu.org\/#website","url":"https:\/\/www.abileneteachersfcu.org\/","name":"Cooperativa de cr\u00e9dito federal de maestros de Abilene","description":"","potentialAction":[{"@type":"SearchAction","target":{"@type":"EntryPoint","urlTemplate":"https:\/\/www.abileneteachersfcu.org\/?s={search_term_string}"},"query-input":{"@type":"PropertyValueSpecification","valueRequired":true,"valueName":"search_term_string"}}],"inLanguage":"es-ES"}]}},"_links":{"self":[{"href":"https:\/\/www.abileneteachersfcu.org\/es\/wp-json\/wp\/v2\/pages\/1586","targetHints":{"allow":["GET"]}}],"collection":[{"href":"https:\/\/www.abileneteachersfcu.org\/es\/wp-json\/wp\/v2\/pages"}],"about":[{"href":"https:\/\/www.abileneteachersfcu.org\/es\/wp-json\/wp\/v2\/types\/page"}],"author":[{"embeddable":true,"href":"https:\/\/www.abileneteachersfcu.org\/es\/wp-json\/wp\/v2\/users\/8"}],"replies":[{"embeddable":true,"href":"https:\/\/www.abileneteachersfcu.org\/es\/wp-json\/wp\/v2\/comments?post=1586"}],"version-history":[{"count":35,"href":"https:\/\/www.abileneteachersfcu.org\/es\/wp-json\/wp\/v2\/pages\/1586\/revisions"}],"predecessor-version":[{"id":9154,"href":"https:\/\/www.abileneteachersfcu.org\/es\/wp-json\/wp\/v2\/pages\/1586\/revisions\/9154"}],"up":[{"embeddable":true,"href":"https:\/\/www.abileneteachersfcu.org\/es\/wp-json\/wp\/v2\/pages\/1622"}],"wp:attachment":[{"href":"https:\/\/www.abileneteachersfcu.org\/es\/wp-json\/wp\/v2\/media?parent=1586"}],"curies":[{"name":"wp","href":"https:\/\/api.w.org\/{rel}","templated":true}]}}