{"id":1579,"date":"2025-05-23T14:26:57","date_gmt":"2025-05-23T19:26:57","guid":{"rendered":"https:\/\/www.abileneteachersfcu.org\/fee-schedule\/"},"modified":"2025-10-31T12:04:20","modified_gmt":"2025-10-31T17:04:20","slug":"tabla-de-tarifas","status":"publish","type":"page","link":"https:\/\/www.abileneteachersfcu.org\/es\/acerca-de\/tabla-de-tarifas\/","title":{"rendered":"Programa de tarifas"},"content":{"rendered":"","protected":false},"excerpt":{"rendered":"","protected":false},"author":8,"featured_media":0,"parent":1633,"menu_order":0,"comment_status":"closed","ping_status":"closed","template":"","meta":{"_acf_changed":false,"_searchwp_excluded":"","footnotes":""},"class_list":["post-1579","page","type-page","status-publish","hentry"],"acf":[],"yoast_head":"<!-- This site is optimized with the Yoast SEO plugin v27.2 - https:\/\/yoast.com\/product\/yoast-seo-wordpress\/ -->\n<title>Fee Schedule - Abilene Teachers Federal Credit Union<\/title>\n<meta name=\"description\" content=\"We don&#039;t hide our fees. We know that you won&#039;t find any lower. It is our policy to be upfront in all transactions with our valued members.\" \/>\n<meta name=\"robots\" content=\"index, follow, max-snippet:-1, max-image-preview:large, max-video-preview:-1\" \/>\n<link rel=\"canonical\" href=\"https:\/\/www.abileneteachersfcu.org\/es\/acerca-de\/tabla-de-tarifas\/\" \/>\n<meta property=\"og:locale\" content=\"es_ES\" \/>\n<meta property=\"og:type\" content=\"article\" \/>\n<meta property=\"og:title\" content=\"Fee Schedule - Abilene Teachers Federal Credit Union\" \/>\n<meta property=\"og:description\" content=\"We don&#039;t hide our fees. We know that you won&#039;t find any lower. It is our policy to be upfront in all transactions with our valued members.\" \/>\n<meta property=\"og:url\" content=\"https:\/\/www.abileneteachersfcu.org\/es\/acerca-de\/tabla-de-tarifas\/\" \/>\n<meta property=\"og:site_name\" content=\"Abilene Teachers Federal Credit Union\" \/>\n<meta property=\"article:modified_time\" content=\"2025-10-31T17:04:20+00:00\" \/>\n<meta name=\"twitter:card\" content=\"summary_large_image\" \/>\n<meta name=\"twitter:label1\" content=\"Est. reading time\" \/>\n\t<meta name=\"twitter:data1\" content=\"1 minuto\" \/>\n<script type=\"application\/ld+json\" class=\"yoast-schema-graph\">{\"@context\":\"https:\/\/schema.org\",\"@graph\":[{\"@type\":\"WebPage\",\"@id\":\"https:\/\/www.abileneteachersfcu.org\/about\/fee-schedule\/\",\"url\":\"https:\/\/www.abileneteachersfcu.org\/about\/fee-schedule\/\",\"name\":\"Fee Schedule - Abilene Teachers Federal Credit Union\",\"isPartOf\":{\"@id\":\"https:\/\/www.abileneteachersfcu.org\/#website\"},\"datePublished\":\"2025-05-23T19:26:57+00:00\",\"dateModified\":\"2025-10-31T17:04:20+00:00\",\"description\":\"We don't hide our fees. We know that you won't find any lower. It is our policy to be upfront in all transactions with our valued members.\",\"breadcrumb\":{\"@id\":\"https:\/\/www.abileneteachersfcu.org\/about\/fee-schedule\/#breadcrumb\"},\"inLanguage\":\"es-ES\",\"potentialAction\":[{\"@type\":\"ReadAction\",\"target\":[\"https:\/\/www.abileneteachersfcu.org\/about\/fee-schedule\/\"]}]},{\"@type\":\"BreadcrumbList\",\"@id\":\"https:\/\/www.abileneteachersfcu.org\/about\/fee-schedule\/#breadcrumb\",\"itemListElement\":[{\"@type\":\"ListItem\",\"position\":1,\"name\":\"Home\",\"item\":\"https:\/\/www.abileneteachersfcu.org\/\"},{\"@type\":\"ListItem\",\"position\":2,\"name\":\"About Us\",\"item\":\"https:\/\/www.abileneteachersfcu.org\/about\/\"},{\"@type\":\"ListItem\",\"position\":3,\"name\":\"Fee Schedule\"}]},{\"@type\":\"WebSite\",\"@id\":\"https:\/\/www.abileneteachersfcu.org\/#website\",\"url\":\"https:\/\/www.abileneteachersfcu.org\/\",\"name\":\"Abilene Teachers Federal Credit Union\",\"description\":\"\",\"potentialAction\":[{\"@type\":\"SearchAction\",\"target\":{\"@type\":\"EntryPoint\",\"urlTemplate\":\"https:\/\/www.abileneteachersfcu.org\/?s={search_term_string}\"},\"query-input\":{\"@type\":\"PropertyValueSpecification\",\"valueRequired\":true,\"valueName\":\"search_term_string\"}}],\"inLanguage\":\"es-ES\"}]}<\/script>\n<!-- \/ Yoast SEO plugin. -->","yoast_head_json":{"title":"Lista de tarifas - Abilene Teachers Federal Credit Union","description":"No ocultamos nuestros honorarios. Sabemos que no encontrar\u00e1s nada m\u00e1s bajo. Nuestra pol\u00edtica es ser sinceros en todas las transacciones con nuestros valiosos miembros.","robots":{"index":"index","follow":"follow","max-snippet":"max-snippet:-1","max-image-preview":"max-image-preview:large","max-video-preview":"max-video-preview:-1"},"canonical":"https:\/\/www.abileneteachersfcu.org\/es\/acerca-de\/tabla-de-tarifas\/","og_locale":"es_ES","og_type":"article","og_title":"Fee Schedule - Abilene Teachers Federal Credit Union","og_description":"We don't hide our fees. We know that you won't find any lower. It is our policy to be upfront in all transactions with our valued members.","og_url":"https:\/\/www.abileneteachersfcu.org\/es\/acerca-de\/tabla-de-tarifas\/","og_site_name":"Abilene Teachers Federal Credit Union","article_modified_time":"2025-10-31T17:04:20+00:00","twitter_card":"summary_large_image","twitter_misc":{"Est. reading time":"1 minuto"},"schema":{"@context":"https:\/\/schema.org","@graph":[{"@type":"WebPage","@id":"https:\/\/www.abileneteachersfcu.org\/about\/fee-schedule\/","url":"https:\/\/www.abileneteachersfcu.org\/about\/fee-schedule\/","name":"Lista de tarifas - Abilene Teachers Federal Credit Union","isPartOf":{"@id":"https:\/\/www.abileneteachersfcu.org\/#website"},"datePublished":"2025-05-23T19:26:57+00:00","dateModified":"2025-10-31T17:04:20+00:00","description":"No ocultamos nuestros honorarios. Sabemos que no encontrar\u00e1s nada m\u00e1s bajo. Nuestra pol\u00edtica es ser sinceros en todas las transacciones con nuestros valiosos miembros.","breadcrumb":{"@id":"https:\/\/www.abileneteachersfcu.org\/about\/fee-schedule\/#breadcrumb"},"inLanguage":"es-ES","potentialAction":[{"@type":"ReadAction","target":["https:\/\/www.abileneteachersfcu.org\/about\/fee-schedule\/"]}]},{"@type":"BreadcrumbList","@id":"https:\/\/www.abileneteachersfcu.org\/about\/fee-schedule\/#breadcrumb","itemListElement":[{"@type":"ListItem","position":1,"name":"Home","item":"https:\/\/www.abileneteachersfcu.org\/"},{"@type":"ListItem","position":2,"name":"About Us","item":"https:\/\/www.abileneteachersfcu.org\/about\/"},{"@type":"ListItem","position":3,"name":"Fee Schedule"}]},{"@type":"WebSite","@id":"https:\/\/www.abileneteachersfcu.org\/#website","url":"https:\/\/www.abileneteachersfcu.org\/","name":"Cooperativa de cr\u00e9dito federal de maestros de Abilene","description":"","potentialAction":[{"@type":"SearchAction","target":{"@type":"EntryPoint","urlTemplate":"https:\/\/www.abileneteachersfcu.org\/?s={search_term_string}"},"query-input":{"@type":"PropertyValueSpecification","valueRequired":true,"valueName":"search_term_string"}}],"inLanguage":"es-ES"}]}},"_links":{"self":[{"href":"https:\/\/www.abileneteachersfcu.org\/es\/wp-json\/wp\/v2\/pages\/1579","targetHints":{"allow":["GET"]}}],"collection":[{"href":"https:\/\/www.abileneteachersfcu.org\/es\/wp-json\/wp\/v2\/pages"}],"about":[{"href":"https:\/\/www.abileneteachersfcu.org\/es\/wp-json\/wp\/v2\/types\/page"}],"author":[{"embeddable":true,"href":"https:\/\/www.abileneteachersfcu.org\/es\/wp-json\/wp\/v2\/users\/8"}],"replies":[{"embeddable":true,"href":"https:\/\/www.abileneteachersfcu.org\/es\/wp-json\/wp\/v2\/comments?post=1579"}],"version-history":[{"count":7,"href":"https:\/\/www.abileneteachersfcu.org\/es\/wp-json\/wp\/v2\/pages\/1579\/revisions"}],"predecessor-version":[{"id":8520,"href":"https:\/\/www.abileneteachersfcu.org\/es\/wp-json\/wp\/v2\/pages\/1579\/revisions\/8520"}],"up":[{"embeddable":true,"href":"https:\/\/www.abileneteachersfcu.org\/es\/wp-json\/wp\/v2\/pages\/1633"}],"wp:attachment":[{"href":"https:\/\/www.abileneteachersfcu.org\/es\/wp-json\/wp\/v2\/media?parent=1579"}],"curies":[{"name":"wp","href":"https:\/\/api.w.org\/{rel}","templated":true}]}}